{"id":3223,"date":"2021-09-21T13:26:08","date_gmt":"2021-09-21T10:26:08","guid":{"rendered":"https:\/\/parkofideas.com\/goldish\/demo1\/?page_id=11"},"modified":"2023-08-07T13:30:14","modified_gmt":"2023-08-07T11:30:14","slug":"refund_returns","status":"publish","type":"page","link":"https:\/\/www.malilabijoux.com\/es\/refund_returns\/","title":{"rendered":"Refund and Returns Policy"},"content":{"rendered":"<div data-elementor-type=\"wp-page\" data-elementor-id=\"3223\" class=\"elementor elementor-3223\">\n\t\t\t\t\t\t<section class=\"elementor-section elementor-top-section elementor-element elementor-element-8d82397 elementor-section-boxed elementor-section-height-default elementor-section-height-default\" data-id=\"8d82397\" data-element_type=\"section\" data-e-type=\"section\">\n\t\t\t\t\t\t<div class=\"elementor-container elementor-column-gap-default\">\n\t\t\t\t\t<div class=\"elementor-column elementor-col-100 elementor-top-column elementor-element elementor-element-7afad56a\" data-id=\"7afad56a\" data-element_type=\"column\" data-e-type=\"column\">\n\t\t\t<div class=\"elementor-widget-wrap elementor-element-populated\">\n\t\t\t\t\t\t\t<\/div>\n\t\t<\/div>\n\t\t\t\t\t<\/div>\n\t\t<\/section>\n\t\t\t\t<section class=\"elementor-section elementor-top-section elementor-element elementor-element-0d1f9da elementor-section-boxed elementor-section-height-default elementor-section-height-default\" data-id=\"0d1f9da\" data-element_type=\"section\" data-e-type=\"section\">\n\t\t\t\t\t\t<div class=\"elementor-container elementor-column-gap-default\">\n\t\t\t\t\t<div class=\"elementor-column elementor-col-100 elementor-top-column elementor-element elementor-element-9e58b76\" data-id=\"9e58b76\" data-element_type=\"column\" data-e-type=\"column\">\n\t\t\t<div class=\"elementor-widget-wrap elementor-element-populated\">\n\t\t\t\t\t\t<div class=\"elementor-element elementor-element-666840b elementor-widget elementor-widget-text-editor\" data-id=\"666840b\" data-element_type=\"widget\" data-e-type=\"widget\" data-widget_type=\"text-editor.default\">\n\t\t\t\t<div class=\"elementor-widget-container\">\n\t\t\t\t\t\t\t\t\t<div class=\"wp-block-spacer\" style=\"height: 10px;\" aria-hidden=\"true\">\n<p><strong>\u00a0 \u00a0 \u00a0 \u00a0 \u00a0 \u00a0 \u00a0 \u00a0 \u00a0 \u00a0 \u00a0 \u00a0 \u00a0 \u00a0 \u00a0 \u00a0 \u00a0 \u00a0 \u00a0 \u00a0 \u00a0 \u00a0 \u00a0 \u00a0 \u00a0 \u00a0 \u00a0 \u00a0ENTREGAS Y DEVOLUCIONES<\/strong><\/p>\n<p>\u00a0<\/p>\n<\/div>\n<div class=\"wp-block-spacer\" style=\"height: 10px;\" aria-hidden=\"true\">\n<p>\u00a0<\/p>\n<\/div>\n<p><!-- \/wp:spacer --><\/p>\t\t\t\t\t\t\t\t<\/div>\n\t\t\t\t<\/div>\n\t\t\t\t\t<\/div>\n\t\t<\/div>\n\t\t\t\t\t<\/div>\n\t\t<\/section>\n\t\t\t\t<section class=\"elementor-section elementor-top-section elementor-element elementor-element-f08b636 elementor-section-boxed elementor-section-height-default elementor-section-height-default\" data-id=\"f08b636\" data-element_type=\"section\" data-e-type=\"section\">\n\t\t\t\t\t\t<div class=\"elementor-container elementor-column-gap-default\">\n\t\t\t\t\t<div class=\"elementor-column elementor-col-100 elementor-top-column elementor-element elementor-element-ccd519d\" data-id=\"ccd519d\" data-element_type=\"column\" data-e-type=\"column\">\n\t\t\t<div class=\"elementor-widget-wrap elementor-element-populated\">\n\t\t\t\t\t\t\t<\/div>\n\t\t<\/div>\n\t\t\t\t\t<\/div>\n\t\t<\/section>\n\t\t\t\t<section class=\"elementor-section elementor-top-section elementor-element elementor-element-11a5b90 elementor-section-boxed elementor-section-height-default elementor-section-height-default\" data-id=\"11a5b90\" data-element_type=\"section\" data-e-type=\"section\">\n\t\t\t\t\t\t<div class=\"elementor-container elementor-column-gap-default\">\n\t\t\t\t\t<div class=\"elementor-column elementor-col-100 elementor-top-column elementor-element elementor-element-cac32e3\" data-id=\"cac32e3\" data-element_type=\"column\" data-e-type=\"column\">\n\t\t\t<div class=\"elementor-widget-wrap elementor-element-populated\">\n\t\t\t\t\t\t\t<\/div>\n\t\t<\/div>\n\t\t\t\t\t<\/div>\n\t\t<\/section>\n\t\t\t\t<section class=\"elementor-section elementor-top-section elementor-element elementor-element-bb437d8 elementor-section-boxed elementor-section-height-default elementor-section-height-default\" data-id=\"bb437d8\" data-element_type=\"section\" data-e-type=\"section\">\n\t\t\t\t\t\t<div class=\"elementor-container elementor-column-gap-default\">\n\t\t\t\t\t<div class=\"elementor-column elementor-col-100 elementor-top-column elementor-element elementor-element-55b617a\" data-id=\"55b617a\" data-element_type=\"column\" data-e-type=\"column\">\n\t\t\t<div class=\"elementor-widget-wrap\">\n\t\t\t\t\t\t\t<\/div>\n\t\t<\/div>\n\t\t\t\t\t<\/div>\n\t\t<\/section>\n\t\t\t\t<section class=\"elementor-section elementor-top-section elementor-element elementor-element-8ead849 elementor-section-boxed elementor-section-height-default elementor-section-height-default\" data-id=\"8ead849\" data-element_type=\"section\" data-e-type=\"section\">\n\t\t\t\t\t\t<div class=\"elementor-container elementor-column-gap-default\">\n\t\t\t\t\t<div class=\"elementor-column elementor-col-100 elementor-top-column elementor-element elementor-element-c976dcd\" data-id=\"c976dcd\" data-element_type=\"column\" data-e-type=\"column\">\n\t\t\t<div class=\"elementor-widget-wrap elementor-element-populated\">\n\t\t\t\t\t\t\t<\/div>\n\t\t<\/div>\n\t\t\t\t\t<\/div>\n\t\t<\/section>\n\t\t\t\t<section class=\"elementor-section elementor-top-section elementor-element elementor-element-b81df58 elementor-section-boxed elementor-section-height-default elementor-section-height-default\" data-id=\"b81df58\" data-element_type=\"section\" data-e-type=\"section\">\n\t\t\t\t\t\t<div class=\"elementor-container elementor-column-gap-default\">\n\t\t\t\t\t<div class=\"elementor-column elementor-col-100 elementor-top-column elementor-element elementor-element-bda438e\" data-id=\"bda438e\" data-element_type=\"column\" data-e-type=\"column\">\n\t\t\t<div class=\"elementor-widget-wrap elementor-element-populated\">\n\t\t\t\t\t\t<div class=\"elementor-element elementor-element-a29a63c elementor-widget elementor-widget-text-editor\" data-id=\"a29a63c\" data-element_type=\"widget\" data-e-type=\"widget\" data-widget_type=\"text-editor.default\">\n\t\t\t\t<div class=\"elementor-widget-container\">\n\t\t\t\t\t\t\t\t\t<p>\u00a0<\/p>\n<p><strong>Env\u00edo gratis a partir de 150\u20ac SOLO en Espa\u00f1a<\/strong><\/p>\n<p>Las joyas personalizadas se fabrican bajo demanda, no se devuelven ni se cambian.<\/p>\n<p>Las joyas no personalizadas se pueden cambiar dentro de los 14 d\u00edas a partir de la fecha de compra.<\/p>\n<p>Todos los art\u00edculos comprados en MALILA BIJOUX se revisan y preparan con amor y cuidado antes de empaquetarlos y enviarlos a todos nuestros clientes.<\/p>\n<p>Cada pieza de joyer\u00eda se moldea una a una a mano solo para ti. La producci\u00f3n requiere de un plazo de 2 a 8 d\u00edas h\u00e1biles para realizarse que depende de la cantidad.<\/p>\n<p>Los plazos se ampl\u00edan en caso de per\u00edodos excepcionales o vacaciones.<\/p>\n<p>Las joyas personalizadas se env\u00edan de 1 a 3 d\u00edas h\u00e1biles despu\u00e9s del tiempo de producci\u00f3n.<\/p>\n<p>\u00bfCu\u00e1ndo recibir\u00e1s a tus beb\u00e9s?<\/p>\n<p>Acerca de las joyas personalizadas, consulte los plazos anteriores.<\/p>\n<p>Salvo casos excepcionales, generalmente las entregas entre 1 a 3 d\u00edas laborables para Espa\u00f1a, 4 a 5 d\u00edas laborables para Europa.<\/p>\n<p>\u00bfUna pregunta sobre el env\u00edo del paquete una vez entregado al transportista?<\/p>\n<p>Cont\u00e1ctelo directamente con todas las referencias del paquete.<\/p>\n<p>Tenga en cuenta que estos son plazos estimados.<\/p>\n<p>\u26a0 <strong>NO HAY REEMBOLSOS ni CAMBIOS en art\u00edculos personalizados.<\/strong><\/p>\n<p>\u00a0<\/p>\n<p><strong>Pol\u00edtica de devoluciones<\/strong><\/p>\n<p><strong>Plazo<\/strong><\/p>\n<p>Disponemos de un plazo para devoluciones de \u00a0a partir de la fecha en que la paqueter\u00eda entreg\u00f3 tu pedido en el domicilio indicado al realizar la compra. Debes notificar acerca de la devoluci\u00f3n antes de que se cumplan los 5 d\u00edas\u00a0a trav\u00e9s de alguno de nuestros canales de atenci\u00f3n:<\/p>\n<p>\u2013 Solicitar la devoluci\u00f3n dentro del plazo de devoluci\u00f3n por correo electr\u00f3nico.<\/p>\n<p><strong>Condiciones<\/strong><\/p>\n<p>Para ser elegible para una devoluci\u00f3n, el art\u00edculo debe:<\/p>\n<p>\u2013 Estar sin usar y en las mismas condiciones en que lo recibiste. Tambi\u00e9n debe estar en su embalaje original.<\/p>\n<p>\u2013 No hay devolucion sobre los productos personalizados.<\/p>\n<p>Cualquier producto que no se encuentre en su condici\u00f3n original, que est\u00e9 da\u00f1ado o le falten partes por razones ajenas a nosotros.<\/p>\n<p><strong>Procedimiento<\/strong><\/p>\n<p>Devoluci\u00f3n del dinero (solo aplica para casos de garant\u00eda y ley de retracto): \u2013 A trav\u00e9s de transferencia (cuenta de ahorros, cuenta corriente, ahorro a la mano): se realiza aproximadamente dentro de los cinco d\u00edas h\u00e1biles siguientes de recibir el producto nuevamente en nuestra bodega.<\/p>\n<p>\u2013 A trav\u00e9s de reversi\u00f3n del pago: quince d\u00edas h\u00e1biles despu\u00e9s de recibir el producto en nuestra bodega. \u00c9sta reversi\u00f3n corre por cuenta y orden de tu entidad bancaria, cualquier duda debes comunicarte directamente con ellos.<\/p>\n<p>\u2013 Cambio del producto (Sujeto a disponibilidad de inventario en el momento del cambio). S\u00f3lo se podr\u00e1n realizar cambios por productos con valor igual o inferior al original y la diferencia en caso de aplicar, se entregar\u00e1 en un cup\u00f3n para una nueva compra en la tienda online. En caso de no contar con disponibilidad para el cambio, se entregar\u00e1 el valor del producto(s) en un cup\u00f3n para una nueva compra.<\/p>\n<p>\u2013 Cup\u00f3n para realizar una nueva compra (Este cup\u00f3n tiene validez por seis meses a partir de la fecha de creaci\u00f3n). 2. Cambio del producto (Sujeto a disponibilidad de inventario en el momento del cambio). S\u00f3lo se podr\u00e1n realizar cambios por productos con valor igual o inferior al original y la diferencia en caso de aplicar, se entregar\u00e1 en un cup\u00f3n para una nueva compra en la tienda online. En caso de no contar con disponibilidad para el cambio, se entregar\u00e1 el valor del producto(s) en un cup\u00f3n para una nueva compra. 3. Cup\u00f3n para realizar una nueva compra (Este cup\u00f3n tiene validez por seis meses a partir de la fecha de creaci\u00f3n).<\/p>\n<p><strong>Condiciones del producto<\/strong><\/p>\n<p>El producto deber\u00e1 devolverse en \u00f3ptimas condiciones, sin rastros de haber sido utilizado. Una vez recibido el producto en nuestra bodega, verificaremos las condiciones del mismo y de acuerdo con los resultados, se te enviar\u00e1 un producto nuevo o se te entregar\u00e1 un cup\u00f3n para una nueva compra.<\/p>\n<p>No hay devolucion sobre los productos personalizados.<\/p>\n<p><strong>Productos que aplican<\/strong><\/p>\n<p>Productos que no aplican para devoluci\u00f3n: todos los productos de la categoria CUSTOM<\/p>\n<p><strong>Plazo de respuesta<\/strong><\/p>\n<p>Reembolso del dinero: Dependiendo del medio de pago que hayas utilizado para tu compra, el reembolso se har\u00e1 a trav\u00e9s de una transferencia electr\u00f3nica o a tu tarjeta de cr\u00e9dito. Los cambios se despachar\u00e1n aproximadamente en 3 d\u00edas h\u00e1biles despu\u00e9s de recibido el producto en la bodega y aplicar\u00e1n los mismos tiempos de una entrega regular.<\/p>\n<p><strong>Costos de env\u00edo<\/strong><\/p>\n<p>El Usuario podr\u00e1 devolver sin ning\u00fan costo, cualquier producto que presente defectos de f\u00e1brica. Los costos de transporte y los dem\u00e1s que conlleve una devoluci\u00f3n por motivos diferentes a defectos de f\u00e1brica ser\u00e1n cubiertos por el cliente.<\/p>\n<p><strong>Ley<\/strong><\/p>\n<p>Para la interpretaci\u00f3n y cumplimiento de los presentes t\u00e9rminos y condiciones, las partes se someten a la jurisdicci\u00f3n de los tribunales de la Ciudad de renunciado expresamente a cualquier otro fuero que pudiere corresponderles por raz\u00f3n de sus domicilios presentes o futuros.<\/p>\n<p><strong>Cambios en los t\u00e9rminos de servicio<\/strong><\/p>\n<p>Puedes revisar la versi\u00f3n m\u00e1s actualizada de los T\u00e9rminos de Servicio en cualquier momento en esta p\u00e1gina.<\/p>\n<p>Nos reservamos el derecho, a nuestra sola discreci\u00f3n, de actualizar, modificar o reemplazar cualquier parte de estas Condiciones del servicio mediante la publicaci\u00f3n de las actualizaciones y los cambios en nuestro sitio web. Es tu responsabilidad revisar nuestro sitio web peri\u00f3dicamente para verificar los cambios. El uso continuo de o el acceso a nuestro sitio Web o el Servicio despu\u00e9s de la publicaci\u00f3n de cualquier cambio en estas Condiciones de servicio implica la aceptaci\u00f3n de dichos cambios.<\/p>\n<p><strong>Informaci\u00f3n de contacto<\/strong><\/p>\n<p>Preguntas acerca de los T\u00e9rminos de Servicio deben ser enviadas a hola@malilabijoux.com.<\/p>\n<p>\u00daltima actualizaci\u00f3n de este documento de entregas y devoluciones: 27\/07\/2023<\/p>\n<p>\u00a0<\/p>\t\t\t\t\t\t\t\t<\/div>\n\t\t\t\t<\/div>\n\t\t\t\t\t<\/div>\n\t\t<\/div>\n\t\t\t\t\t<\/div>\n\t\t<\/section>\n\t\t\t\t<\/div>","protected":false},"excerpt":{"rendered":"<p>\u00a0 \u00a0 \u00a0 \u00a0 \u00a0 \u00a0 \u00a0 \u00a0 \u00a0 \u00a0 \u00a0 \u00a0 \u00a0 \u00a0 \u00a0 \u00a0 \u00a0 \u00a0&hellip;<\/p>","protected":false},"author":3,"featured_media":0,"parent":0,"menu_order":0,"comment_status":"closed","ping_status":"closed","template":"","meta":{"footnotes":""},"class_list":["post-3223","page","type-page","status-publish","hentry"],"yoast_head":"<!-- This site is optimized with the Yoast SEO plugin v27.1.1 - https:\/\/yoast.com\/product\/yoast-seo-wordpress\/ -->\n<title>Refund and Returns Policy - Malila Bijoux<\/title>\n<meta name=\"robots\" content=\"index, follow, max-snippet:-1, max-image-preview:large, max-video-preview:-1\" \/>\n<link rel=\"canonical\" href=\"https:\/\/www.malilabijoux.com\/es\/refund_returns\/\" \/>\n<meta property=\"og:locale\" content=\"es_ES\" \/>\n<meta property=\"og:type\" content=\"article\" \/>\n<meta property=\"og:title\" content=\"Refund and Returns Policy - Malila Bijoux\" \/>\n<meta property=\"og:description\" content=\"\u00a0 \u00a0 \u00a0 \u00a0 \u00a0 \u00a0 \u00a0 \u00a0 \u00a0 \u00a0 \u00a0 \u00a0 \u00a0 \u00a0 \u00a0 \u00a0 \u00a0 \u00a0&hellip;\" \/>\n<meta property=\"og:url\" content=\"https:\/\/www.malilabijoux.com\/es\/refund_returns\/\" \/>\n<meta property=\"og:site_name\" content=\"Malila Bijoux\" \/>\n<meta property=\"article:modified_time\" content=\"2023-08-07T11:30:14+00:00\" \/>\n<meta name=\"twitter:card\" content=\"summary_large_image\" \/>\n<meta name=\"twitter:label1\" content=\"Tiempo de lectura\" \/>\n\t<meta name=\"twitter:data1\" content=\"5 minutos\" \/>\n<script type=\"application\/ld+json\" class=\"yoast-schema-graph\">{\"@context\":\"https:\/\/schema.org\",\"@graph\":[{\"@type\":\"WebPage\",\"@id\":\"https:\/\/www.malilabijoux.com\/refund_returns\/\",\"url\":\"https:\/\/www.malilabijoux.com\/refund_returns\/\",\"name\":\"Refund and Returns Policy - Malila Bijoux\",\"isPartOf\":{\"@id\":\"https:\/\/www.malilabijoux.com\/#website\"},\"datePublished\":\"2021-09-21T10:26:08+00:00\",\"dateModified\":\"2023-08-07T11:30:14+00:00\",\"breadcrumb\":{\"@id\":\"https:\/\/www.malilabijoux.com\/refund_returns\/#breadcrumb\"},\"inLanguage\":\"es\",\"potentialAction\":[{\"@type\":\"ReadAction\",\"target\":[\"https:\/\/www.malilabijoux.com\/refund_returns\/\"]}]},{\"@type\":\"BreadcrumbList\",\"@id\":\"https:\/\/www.malilabijoux.com\/refund_returns\/#breadcrumb\",\"itemListElement\":[{\"@type\":\"ListItem\",\"position\":1,\"name\":\"Home\",\"item\":\"https:\/\/www.malilabijoux.com\/\"},{\"@type\":\"ListItem\",\"position\":2,\"name\":\"Refund and Returns Policy\"}]},{\"@type\":\"WebSite\",\"@id\":\"https:\/\/www.malilabijoux.com\/#website\",\"url\":\"https:\/\/www.malilabijoux.com\/\",\"name\":\"Malila Bijoux\",\"description\":\"A Jewelry Brand made to bring joy\",\"publisher\":{\"@id\":\"https:\/\/www.malilabijoux.com\/#organization\"},\"potentialAction\":[{\"@type\":\"SearchAction\",\"target\":{\"@type\":\"EntryPoint\",\"urlTemplate\":\"https:\/\/www.malilabijoux.com\/?s={search_term_string}\"},\"query-input\":{\"@type\":\"PropertyValueSpecification\",\"valueRequired\":true,\"valueName\":\"search_term_string\"}}],\"inLanguage\":\"es\"},{\"@type\":\"Organization\",\"@id\":\"https:\/\/www.malilabijoux.com\/#organization\",\"name\":\"Malila Bijoux\",\"url\":\"https:\/\/www.malilabijoux.com\/\",\"logo\":{\"@type\":\"ImageObject\",\"inLanguage\":\"es\",\"@id\":\"https:\/\/www.malilabijoux.com\/#\/schema\/logo\/image\/\",\"url\":\"https:\/\/www.malilabijoux.com\/wp-content\/uploads\/2023\/07\/Malila-bijoux.png\",\"contentUrl\":\"https:\/\/www.malilabijoux.com\/wp-content\/uploads\/2023\/07\/Malila-bijoux.png\",\"width\":1258,\"height\":952,\"caption\":\"Malila Bijoux\"},\"image\":{\"@id\":\"https:\/\/www.malilabijoux.com\/#\/schema\/logo\/image\/\"},\"sameAs\":[\"https:\/\/www.instagram.com\/malila.bijoux\/\"]}]}<\/script>\n<!-- \/ Yoast SEO plugin. -->","yoast_head_json":{"title":"Refund and Returns Policy - Malila Bijoux","robots":{"index":"index","follow":"follow","max-snippet":"max-snippet:-1","max-image-preview":"max-image-preview:large","max-video-preview":"max-video-preview:-1"},"canonical":"https:\/\/www.malilabijoux.com\/es\/refund_returns\/","og_locale":"es_ES","og_type":"article","og_title":"Refund and Returns Policy - Malila Bijoux","og_description":"\u00a0 \u00a0 \u00a0 \u00a0 \u00a0 \u00a0 \u00a0 \u00a0 \u00a0 \u00a0 \u00a0 \u00a0 \u00a0 \u00a0 \u00a0 \u00a0 \u00a0 \u00a0&hellip;","og_url":"https:\/\/www.malilabijoux.com\/es\/refund_returns\/","og_site_name":"Malila Bijoux","article_modified_time":"2023-08-07T11:30:14+00:00","twitter_card":"summary_large_image","twitter_misc":{"Tiempo de lectura":"5 minutos"},"schema":{"@context":"https:\/\/schema.org","@graph":[{"@type":"WebPage","@id":"https:\/\/www.malilabijoux.com\/refund_returns\/","url":"https:\/\/www.malilabijoux.com\/refund_returns\/","name":"Refund and Returns Policy - Malila Bijoux","isPartOf":{"@id":"https:\/\/www.malilabijoux.com\/#website"},"datePublished":"2021-09-21T10:26:08+00:00","dateModified":"2023-08-07T11:30:14+00:00","breadcrumb":{"@id":"https:\/\/www.malilabijoux.com\/refund_returns\/#breadcrumb"},"inLanguage":"es","potentialAction":[{"@type":"ReadAction","target":["https:\/\/www.malilabijoux.com\/refund_returns\/"]}]},{"@type":"BreadcrumbList","@id":"https:\/\/www.malilabijoux.com\/refund_returns\/#breadcrumb","itemListElement":[{"@type":"ListItem","position":1,"name":"Home","item":"https:\/\/www.malilabijoux.com\/"},{"@type":"ListItem","position":2,"name":"Refund and Returns Policy"}]},{"@type":"WebSite","@id":"https:\/\/www.malilabijoux.com\/#website","url":"https:\/\/www.malilabijoux.com\/","name":"Malila Bijoux","description":"A Jewelry Brand made to bring joy","publisher":{"@id":"https:\/\/www.malilabijoux.com\/#organization"},"potentialAction":[{"@type":"SearchAction","target":{"@type":"EntryPoint","urlTemplate":"https:\/\/www.malilabijoux.com\/?s={search_term_string}"},"query-input":{"@type":"PropertyValueSpecification","valueRequired":true,"valueName":"search_term_string"}}],"inLanguage":"es"},{"@type":"Organization","@id":"https:\/\/www.malilabijoux.com\/#organization","name":"Malila Bijoux","url":"https:\/\/www.malilabijoux.com\/","logo":{"@type":"ImageObject","inLanguage":"es","@id":"https:\/\/www.malilabijoux.com\/#\/schema\/logo\/image\/","url":"https:\/\/www.malilabijoux.com\/wp-content\/uploads\/2023\/07\/Malila-bijoux.png","contentUrl":"https:\/\/www.malilabijoux.com\/wp-content\/uploads\/2023\/07\/Malila-bijoux.png","width":1258,"height":952,"caption":"Malila Bijoux"},"image":{"@id":"https:\/\/www.malilabijoux.com\/#\/schema\/logo\/image\/"},"sameAs":["https:\/\/www.instagram.com\/malila.bijoux\/"]}]}},"jetpack_sharing_enabled":true,"_links":{"self":[{"href":"https:\/\/www.malilabijoux.com\/es\/wp-json\/wp\/v2\/pages\/3223","targetHints":{"allow":["GET"]}}],"collection":[{"href":"https:\/\/www.malilabijoux.com\/es\/wp-json\/wp\/v2\/pages"}],"about":[{"href":"https:\/\/www.malilabijoux.com\/es\/wp-json\/wp\/v2\/types\/page"}],"author":[{"embeddable":true,"href":"https:\/\/www.malilabijoux.com\/es\/wp-json\/wp\/v2\/users\/3"}],"replies":[{"embeddable":true,"href":"https:\/\/www.malilabijoux.com\/es\/wp-json\/wp\/v2\/comments?post=3223"}],"version-history":[{"count":45,"href":"https:\/\/www.malilabijoux.com\/es\/wp-json\/wp\/v2\/pages\/3223\/revisions"}],"predecessor-version":[{"id":6553,"href":"https:\/\/www.malilabijoux.com\/es\/wp-json\/wp\/v2\/pages\/3223\/revisions\/6553"}],"wp:attachment":[{"href":"https:\/\/www.malilabijoux.com\/es\/wp-json\/wp\/v2\/media?parent=3223"}],"curies":[{"name":"wp","href":"https:\/\/api.w.org\/{rel}","templated":true}]}}