{"id":3666,"date":"2022-03-30T09:07:27","date_gmt":"2022-03-30T07:07:27","guid":{"rendered":"https:\/\/www.malilabijoux.com\/?page_id=3666"},"modified":"2023-08-09T23:56:07","modified_gmt":"2023-08-09T21:56:07","slug":"about-us","status":"publish","type":"page","link":"https:\/\/www.malilabijoux.com\/es\/about-us\/","title":{"rendered":"NOSOTROS"},"content":{"rendered":"<div data-elementor-type=\"wp-page\" data-elementor-id=\"3666\" class=\"elementor elementor-3666\">\n\t\t\t\t\t\t<section class=\"elementor-section elementor-top-section elementor-element elementor-element-58f78f2 elementor-section-full_width elementor-section-height-default elementor-section-height-default\" data-id=\"58f78f2\" data-element_type=\"section\" data-e-type=\"section\">\n\t\t\t\t\t\t<div class=\"elementor-container elementor-column-gap-default\">\n\t\t\t\t\t<div class=\"elementor-column elementor-col-100 elementor-top-column elementor-element elementor-element-2cd606f\" data-id=\"2cd606f\" data-element_type=\"column\" data-e-type=\"column\">\n\t\t\t<div class=\"elementor-widget-wrap elementor-element-populated\">\n\t\t\t\t\t\t<div class=\"elementor-element elementor-element-18ef02d elementor-widget elementor-widget-ideapark-page-header\" data-id=\"18ef02d\" data-element_type=\"widget\" data-e-type=\"widget\" data-widget_type=\"ideapark-page-header.default\">\n\t\t\t\t<div class=\"elementor-widget-container\">\n\t\t\t\t\t<header class=\"l-section c-page-header\"><div class=\"c-page-header__top-row\"><nav aria-label=\"breadcrumbs\" class=\"c-breadcrumbs c-breadcrumbs--yoast\"><span><span><a href=\"https:\/\/www.malilabijoux.com\/es\/\">Home<\/a><\/span><\/span><\/nav><\/div>\t\t\t<h1 class=\"c-page-header__title\">NOSOTROS<\/h1><\/header>\t\t\t\t<\/div>\n\t\t\t\t<\/div>\n\t\t\t\t\t<\/div>\n\t\t<\/div>\n\t\t\t\t\t<\/div>\n\t\t<\/section>\n\t\t\t\t<section class=\"elementor-section elementor-top-section elementor-element elementor-element-d9eae05 elementor-section-full_width elementor-section-height-default elementor-section-height-default\" data-id=\"d9eae05\" data-element_type=\"section\" data-e-type=\"section\">\n\t\t\t\t\t\t<div class=\"elementor-container elementor-column-gap-default\">\n\t\t\t\t\t<div class=\"elementor-column elementor-col-100 elementor-top-column elementor-element elementor-element-f8a03f9\" data-id=\"f8a03f9\" data-element_type=\"column\" data-e-type=\"column\">\n\t\t\t<div class=\"elementor-widget-wrap elementor-element-populated\">\n\t\t\t\t\t\t<section class=\"elementor-section elementor-inner-section elementor-element elementor-element-6ba8ac9 elementor-section-boxed elementor-section-height-default elementor-section-height-default\" data-id=\"6ba8ac9\" data-element_type=\"section\" data-e-type=\"section\" data-settings=\"{&quot;background_background&quot;:&quot;classic&quot;}\">\n\t\t\t\t\t\t<div class=\"elementor-container elementor-column-gap-default\">\n\t\t\t\t\t<div class=\"elementor-column elementor-col-100 elementor-inner-column elementor-element elementor-element-e3075aa\" data-id=\"e3075aa\" data-element_type=\"column\" data-e-type=\"column\" data-settings=\"{&quot;background_background&quot;:&quot;classic&quot;}\">\n\t\t\t<div class=\"elementor-widget-wrap elementor-element-populated\">\n\t\t\t\t\t\t<div class=\"elementor-element elementor-element-f7d1aaf elementor-widget elementor-widget-ideapark-heading\" data-id=\"f7d1aaf\" data-element_type=\"widget\" data-e-type=\"widget\" data-widget_type=\"ideapark-heading.default\">\n\t\t\t\t<div class=\"elementor-widget-container\">\n\t\t\t\t\t<div class=\"c-ip-heading c-ip-heading--large c-ip-heading--center c-ip-heading--bullet-after\"><div class=\"c-ip-heading__inner\">Bienvenido a MALILA<\/div><\/div>\t\t\t\t<\/div>\n\t\t\t\t<\/div>\n\t\t\t\t<div class=\"elementor-element elementor-element-a3311ab elementor-widget elementor-widget-text-editor\" data-id=\"a3311ab\" data-element_type=\"widget\" data-e-type=\"widget\" data-widget_type=\"text-editor.default\">\n\t\t\t\t<div class=\"elementor-widget-container\">\n\t\t\t\t\t\t\t\t\t<center><p><span style=\"font-weight: 400;\">Malila es una marca de joyas creada para aportar alegr\u00eda, armon\u00eda y confianza a tu vida.<\/span><\/p><\/center>\t\t\t\t\t\t\t\t<\/div>\n\t\t\t\t<\/div>\n\t\t\t\t\t<\/div>\n\t\t<\/div>\n\t\t\t\t\t<\/div>\n\t\t<\/section>\n\t\t\t\t<section class=\"elementor-section elementor-inner-section elementor-element elementor-element-91d7521 elementor-section-full_width elementor-section-height-default elementor-section-height-default\" data-id=\"91d7521\" data-element_type=\"section\" data-e-type=\"section\">\n\t\t\t\t\t\t<div class=\"elementor-container elementor-column-gap-no\">\n\t\t\t\t\t<div class=\"elementor-column elementor-col-50 elementor-inner-column elementor-element elementor-element-5793eca\" data-id=\"5793eca\" data-element_type=\"column\" data-e-type=\"column\">\n\t\t\t<div class=\"elementor-widget-wrap elementor-element-populated\">\n\t\t\t\t\t\t<div class=\"elementor-element elementor-element-5952ad3 elementor-widget elementor-widget-ideapark-heading\" data-id=\"5952ad3\" data-element_type=\"widget\" data-e-type=\"widget\" data-widget_type=\"ideapark-heading.default\">\n\t\t\t\t<div class=\"elementor-widget-container\">\n\t\t\t\t\t<div class=\"c-ip-heading c-ip-heading--large c-ip-heading--center c-ip-heading--bullet-after\"><div class=\"c-ip-heading__inner\">Hola desde Malila Bijoux<\/div><\/div>\t\t\t\t<\/div>\n\t\t\t\t<\/div>\n\t\t\t\t<div class=\"elementor-element elementor-element-dbc576e elementor-widget elementor-widget-text-editor\" data-id=\"dbc576e\" data-element_type=\"widget\" data-e-type=\"widget\" data-widget_type=\"text-editor.default\">\n\t\t\t\t<div class=\"elementor-widget-container\">\n\t\t\t\t\t\t\t\t\t<p>Creemos que las joyas est\u00e1n aqu\u00ed para simbolizar qui\u00e9nes somos y c\u00f3mo nos sentimos, y nos enorgullece saber que las joyas personalizadas que llevas cuentan una historia, \u00a1Tu historia! Tu pasado, tu presente y el que aspiras a vivir. Desde una inicial hasta un s\u00edmbolo, un nombre pasando por una mezcla multicapa de palabras dulces, un n\u00famero de la suerte o una fecha especial, as\u00ed empieza la historia personal de quien la lleva\u2026<\/p><p>Fabricadas para durar, las joyas Malila est\u00e1n hechas para vivirlas, amarlas y transmitirlas a las generaciones futuras. Sin g\u00e9nero y sin edad, queremos asegurarnos de que todo el mundo se sienta incluido. \u00a1Somos plurales, todos son bienvenidos!<\/p><p>Cuidadosamente creadas por nuestras manos estas piezas son individualmente \u00fanicas. Un verdadero artesano, le llamamos \u201cPeque\u00f1o\u201d, porque aprecia las peque\u00f1as cosas de la vida y \u00a1cada artesan\u00eda es una obra maestra! As\u00ed que apreciamos la belleza de las cosas peque\u00f1as y sencillas por lo que hacemos joyas peque\u00f1as, finas, preciosas y sencillas de llevar.<\/p><p>Nos dedicamos a crear joyas artesanales de alta calidad que no s\u00f3lo sean bonitas, sino tambi\u00e9n aptas para pieles sensibles. Utilizamos materiales resistentes al agua y a la vida. Estamos especializados en joyas 100% de plata de ley 925 y oro laminado para dar un toque de lujo atemporal y desenfadado al d\u00eda a d\u00eda.<\/p><p>Nuestra filosof\u00eda siempre ser\u00e1 ofrecer joyas de alta calidad para llevar a diario, sin dejar de tener en cuenta su presupuesto. Creemos que no es necesario arruinarse para tener joyas de calidad. Creemos firmemente que las joyas de calidad y valor deben estar al alcance de todos.<\/p><p>Te invitamos a que las lleves, las superpongas y las colecciones para crear una declaraci\u00f3n de intenciones hoy, ma\u00f1ana y siempre.<\/p>\t\t\t\t\t\t\t\t<\/div>\n\t\t\t\t<\/div>\n\t\t\t\t<div class=\"elementor-element elementor-element-6d11adc elementor-widget elementor-widget-text-editor\" data-id=\"6d11adc\" data-element_type=\"widget\" data-e-type=\"widget\" data-widget_type=\"text-editor.default\">\n\t\t\t\t<div class=\"elementor-widget-container\">\n\t\t\t\t\t\t\t\t\t<center><strong>Gracias por visitar y apoyar nuestra marca, es un sue\u00f1o hecho realidad y nos dais m\u00e1s inspiraci\u00f3n cada d\u00eda\u2026\n<\/br><\/br>\n\u00a1Esperamos que encuentres tu felicidad en MALILA!<\/strong><\/center>\t\t\t\t\t\t\t\t<\/div>\n\t\t\t\t<\/div>\n\t\t\t\t\t<\/div>\n\t\t<\/div>\n\t\t\t\t<div class=\"elementor-column elementor-col-50 elementor-inner-column elementor-element elementor-element-dc41b63\" data-id=\"dc41b63\" data-element_type=\"column\" data-e-type=\"column\">\n\t\t\t<div class=\"elementor-widget-wrap elementor-element-populated\">\n\t\t\t\t\t\t<div class=\"elementor-element elementor-element-53840dc elementor-widget elementor-widget-spacer\" data-id=\"53840dc\" data-element_type=\"widget\" data-e-type=\"widget\" data-widget_type=\"spacer.default\">\n\t\t\t\t<div class=\"elementor-widget-container\">\n\t\t\t\t\t\t\t<div class=\"elementor-spacer\">\n\t\t\t<div class=\"elementor-spacer-inner\"><\/div>\n\t\t<\/div>\n\t\t\t\t\t\t<\/div>\n\t\t\t\t<\/div>\n\t\t\t\t\t<\/div>\n\t\t<\/div>\n\t\t\t\t\t<\/div>\n\t\t<\/section>\n\t\t\t\t<section class=\"elementor-section elementor-inner-section elementor-element elementor-element-bf3b24c elementor-section-boxed elementor-section-height-default elementor-section-height-default\" data-id=\"bf3b24c\" data-element_type=\"section\" data-e-type=\"section\">\n\t\t\t\t\t\t<div class=\"elementor-container elementor-column-gap-default\">\n\t\t\t\t\t<div class=\"elementor-column elementor-col-100 elementor-inner-column elementor-element elementor-element-196ba66\" data-id=\"196ba66\" data-element_type=\"column\" data-e-type=\"column\">\n\t\t\t<div class=\"elementor-widget-wrap\">\n\t\t\t\t\t\t\t<\/div>\n\t\t<\/div>\n\t\t\t\t\t<\/div>\n\t\t<\/section>\n\t\t\t\t<section class=\"elementor-section elementor-inner-section elementor-element elementor-element-40a8fb7 elementor-section-boxed elementor-section-height-default elementor-section-height-default\" data-id=\"40a8fb7\" data-element_type=\"section\" data-e-type=\"section\" data-settings=\"{&quot;background_background&quot;:&quot;classic&quot;}\">\n\t\t\t\t\t\t<div class=\"elementor-container elementor-column-gap-default\">\n\t\t\t\t\t<div class=\"elementor-column elementor-col-100 elementor-inner-column elementor-element elementor-element-2f94fde\" data-id=\"2f94fde\" data-element_type=\"column\" data-e-type=\"column\">\n\t\t\t<div class=\"elementor-widget-wrap elementor-element-populated\">\n\t\t\t\t\t\t<div class=\"elementor-element elementor-element-3d1a2c9 elementor-widget elementor-widget-ideapark-heading\" data-id=\"3d1a2c9\" data-element_type=\"widget\" data-e-type=\"widget\" data-widget_type=\"ideapark-heading.default\">\n\t\t\t\t<div class=\"elementor-widget-container\">\n\t\t\t\t\t<div class=\"c-ip-heading c-ip-heading--default c-ip-heading--center c-ip-heading--bullet-hide\"><div class=\"c-ip-heading__inner\"><p class=\"c-ip-heading_p\">Joyer\u00eda delicada y unica dise\u00f1ada para brillar contigo<\/p><\/div><\/div>\t\t\t\t<\/div>\n\t\t\t\t<\/div>\n\t\t\t\t\t<\/div>\n\t\t<\/div>\n\t\t\t\t\t<\/div>\n\t\t<\/section>\n\t\t\t\t\t<\/div>\n\t\t<\/div>\n\t\t\t\t\t<\/div>\n\t\t<\/section>\n\t\t\t\t<\/div>","protected":false},"excerpt":{"rendered":"<p>ABOUT US Welcome to MALILA! Malila is a Jewelry Brand made to bring joy, harmony and confidence to&hellip;<\/p>","protected":false},"author":3,"featured_media":0,"parent":0,"menu_order":0,"comment_status":"closed","ping_status":"closed","template":"elementor_header_footer","meta":{"footnotes":""},"class_list":["post-3666","page","type-page","status-publish","hentry"],"yoast_head":"<!-- This site is optimized with the Yoast SEO plugin v27.1.1 - https:\/\/yoast.com\/product\/yoast-seo-wordpress\/ -->\n<title>ABOUT US - Malila Bijoux<\/title>\n<meta name=\"robots\" content=\"index, follow, max-snippet:-1, max-image-preview:large, max-video-preview:-1\" \/>\n<link rel=\"canonical\" href=\"https:\/\/www.malilabijoux.com\/es\/about-us\/\" \/>\n<meta property=\"og:locale\" content=\"es_ES\" \/>\n<meta property=\"og:type\" content=\"article\" \/>\n<meta property=\"og:title\" content=\"ABOUT US - Malila Bijoux\" \/>\n<meta property=\"og:description\" content=\"ABOUT US Welcome to MALILA! Malila is a Jewelry Brand made to bring joy, harmony and confidence to&hellip;\" \/>\n<meta property=\"og:url\" content=\"https:\/\/www.malilabijoux.com\/es\/about-us\/\" \/>\n<meta property=\"og:site_name\" content=\"Malila Bijoux\" \/>\n<meta property=\"article:modified_time\" content=\"2023-08-09T21:56:07+00:00\" \/>\n<meta name=\"twitter:card\" content=\"summary_large_image\" \/>\n<meta name=\"twitter:label1\" content=\"Tiempo de lectura\" \/>\n\t<meta name=\"twitter:data1\" content=\"2 minutos\" \/>\n<script type=\"application\/ld+json\" class=\"yoast-schema-graph\">{\"@context\":\"https:\/\/schema.org\",\"@graph\":[{\"@type\":\"WebPage\",\"@id\":\"https:\/\/www.malilabijoux.com\/about-us\/\",\"url\":\"https:\/\/www.malilabijoux.com\/about-us\/\",\"name\":\"ABOUT US - Malila Bijoux\",\"isPartOf\":{\"@id\":\"https:\/\/www.malilabijoux.com\/#website\"},\"datePublished\":\"2022-03-30T07:07:27+00:00\",\"dateModified\":\"2023-08-09T21:56:07+00:00\",\"breadcrumb\":{\"@id\":\"https:\/\/www.malilabijoux.com\/about-us\/#breadcrumb\"},\"inLanguage\":\"es\",\"potentialAction\":[{\"@type\":\"ReadAction\",\"target\":[\"https:\/\/www.malilabijoux.com\/about-us\/\"]}]},{\"@type\":\"BreadcrumbList\",\"@id\":\"https:\/\/www.malilabijoux.com\/about-us\/#breadcrumb\",\"itemListElement\":[{\"@type\":\"ListItem\",\"position\":1,\"name\":\"Home\",\"item\":\"https:\/\/www.malilabijoux.com\/\"},{\"@type\":\"ListItem\",\"position\":2,\"name\":\"ABOUT US\"}]},{\"@type\":\"WebSite\",\"@id\":\"https:\/\/www.malilabijoux.com\/#website\",\"url\":\"https:\/\/www.malilabijoux.com\/\",\"name\":\"Malila Bijoux\",\"description\":\"A Jewelry Brand made to bring joy\",\"publisher\":{\"@id\":\"https:\/\/www.malilabijoux.com\/#organization\"},\"potentialAction\":[{\"@type\":\"SearchAction\",\"target\":{\"@type\":\"EntryPoint\",\"urlTemplate\":\"https:\/\/www.malilabijoux.com\/?s={search_term_string}\"},\"query-input\":{\"@type\":\"PropertyValueSpecification\",\"valueRequired\":true,\"valueName\":\"search_term_string\"}}],\"inLanguage\":\"es\"},{\"@type\":\"Organization\",\"@id\":\"https:\/\/www.malilabijoux.com\/#organization\",\"name\":\"Malila Bijoux\",\"url\":\"https:\/\/www.malilabijoux.com\/\",\"logo\":{\"@type\":\"ImageObject\",\"inLanguage\":\"es\",\"@id\":\"https:\/\/www.malilabijoux.com\/#\/schema\/logo\/image\/\",\"url\":\"https:\/\/www.malilabijoux.com\/wp-content\/uploads\/2023\/07\/Malila-bijoux.png\",\"contentUrl\":\"https:\/\/www.malilabijoux.com\/wp-content\/uploads\/2023\/07\/Malila-bijoux.png\",\"width\":1258,\"height\":952,\"caption\":\"Malila Bijoux\"},\"image\":{\"@id\":\"https:\/\/www.malilabijoux.com\/#\/schema\/logo\/image\/\"},\"sameAs\":[\"https:\/\/www.instagram.com\/malila.bijoux\/\"]}]}<\/script>\n<!-- \/ Yoast SEO plugin. -->","yoast_head_json":{"title":"ABOUT US - Malila Bijoux","robots":{"index":"index","follow":"follow","max-snippet":"max-snippet:-1","max-image-preview":"max-image-preview:large","max-video-preview":"max-video-preview:-1"},"canonical":"https:\/\/www.malilabijoux.com\/es\/about-us\/","og_locale":"es_ES","og_type":"article","og_title":"ABOUT US - Malila Bijoux","og_description":"ABOUT US Welcome to MALILA! Malila is a Jewelry Brand made to bring joy, harmony and confidence to&hellip;","og_url":"https:\/\/www.malilabijoux.com\/es\/about-us\/","og_site_name":"Malila Bijoux","article_modified_time":"2023-08-09T21:56:07+00:00","twitter_card":"summary_large_image","twitter_misc":{"Tiempo de lectura":"2 minutos"},"schema":{"@context":"https:\/\/schema.org","@graph":[{"@type":"WebPage","@id":"https:\/\/www.malilabijoux.com\/about-us\/","url":"https:\/\/www.malilabijoux.com\/about-us\/","name":"ABOUT US - Malila Bijoux","isPartOf":{"@id":"https:\/\/www.malilabijoux.com\/#website"},"datePublished":"2022-03-30T07:07:27+00:00","dateModified":"2023-08-09T21:56:07+00:00","breadcrumb":{"@id":"https:\/\/www.malilabijoux.com\/about-us\/#breadcrumb"},"inLanguage":"es","potentialAction":[{"@type":"ReadAction","target":["https:\/\/www.malilabijoux.com\/about-us\/"]}]},{"@type":"BreadcrumbList","@id":"https:\/\/www.malilabijoux.com\/about-us\/#breadcrumb","itemListElement":[{"@type":"ListItem","position":1,"name":"Home","item":"https:\/\/www.malilabijoux.com\/"},{"@type":"ListItem","position":2,"name":"ABOUT US"}]},{"@type":"WebSite","@id":"https:\/\/www.malilabijoux.com\/#website","url":"https:\/\/www.malilabijoux.com\/","name":"Malila Bijoux","description":"A Jewelry Brand made to bring joy","publisher":{"@id":"https:\/\/www.malilabijoux.com\/#organization"},"potentialAction":[{"@type":"SearchAction","target":{"@type":"EntryPoint","urlTemplate":"https:\/\/www.malilabijoux.com\/?s={search_term_string}"},"query-input":{"@type":"PropertyValueSpecification","valueRequired":true,"valueName":"search_term_string"}}],"inLanguage":"es"},{"@type":"Organization","@id":"https:\/\/www.malilabijoux.com\/#organization","name":"Malila Bijoux","url":"https:\/\/www.malilabijoux.com\/","logo":{"@type":"ImageObject","inLanguage":"es","@id":"https:\/\/www.malilabijoux.com\/#\/schema\/logo\/image\/","url":"https:\/\/www.malilabijoux.com\/wp-content\/uploads\/2023\/07\/Malila-bijoux.png","contentUrl":"https:\/\/www.malilabijoux.com\/wp-content\/uploads\/2023\/07\/Malila-bijoux.png","width":1258,"height":952,"caption":"Malila Bijoux"},"image":{"@id":"https:\/\/www.malilabijoux.com\/#\/schema\/logo\/image\/"},"sameAs":["https:\/\/www.instagram.com\/malila.bijoux\/"]}]}},"jetpack_sharing_enabled":true,"_links":{"self":[{"href":"https:\/\/www.malilabijoux.com\/es\/wp-json\/wp\/v2\/pages\/3666","targetHints":{"allow":["GET"]}}],"collection":[{"href":"https:\/\/www.malilabijoux.com\/es\/wp-json\/wp\/v2\/pages"}],"about":[{"href":"https:\/\/www.malilabijoux.com\/es\/wp-json\/wp\/v2\/types\/page"}],"author":[{"embeddable":true,"href":"https:\/\/www.malilabijoux.com\/es\/wp-json\/wp\/v2\/users\/3"}],"replies":[{"embeddable":true,"href":"https:\/\/www.malilabijoux.com\/es\/wp-json\/wp\/v2\/comments?post=3666"}],"version-history":[{"count":50,"href":"https:\/\/www.malilabijoux.com\/es\/wp-json\/wp\/v2\/pages\/3666\/revisions"}],"predecessor-version":[{"id":6646,"href":"https:\/\/www.malilabijoux.com\/es\/wp-json\/wp\/v2\/pages\/3666\/revisions\/6646"}],"wp:attachment":[{"href":"https:\/\/www.malilabijoux.com\/es\/wp-json\/wp\/v2\/media?parent=3666"}],"curies":[{"name":"wp","href":"https:\/\/api.w.org\/{rel}","templated":true}]}}