{"id":128,"date":"2021-12-23T01:00:01","date_gmt":"2021-12-23T01:00:01","guid":{"rendered":"https:\/\/parkofideas.com\/goldish\/demo1\/?post_type=product&#038;p=128"},"modified":"2024-05-22T13:51:51","modified_gmt":"2024-05-22T11:51:51","slug":"initial-ring","status":"publish","type":"product","link":"https:\/\/www.malilabijoux.com\/es\/shop\/initial-ring\/","title":{"rendered":"Initials Ring"},"content":{"rendered":"<p><strong>MATERIALES<\/strong><\/p>\n<ul>\n<li>Gold Filled de 14 quilates o Plata de ley 925<\/li>\n<\/ul>\n<p>&nbsp;<\/p>\n<p><strong>CARACTERES:<\/strong><\/p>\n<ul>\n<li>Puede a\u00f1adir <strong>MAXIMUM 3 characters. NO CAPITAL LETTERS<\/strong><\/li>\n<li>Copy &amp; Paste this heart \u2661 if you want to put a heart instead of a letter<\/li>\n<li>Consider the \u2661 is equivalent to one character<\/li>\n<\/ul>\n<p>&nbsp;<\/p>\n<p><strong>TALLA:<\/strong><\/p>\n<ul>\n<li><strong>Todos nuestros anillos son ajustables.<\/strong><\/li>\n<\/ul>\n<p>&nbsp;<\/p>\n<p><strong>INSTRUCCIONES:<\/strong><\/p>\n<p>Para conservar mejor tu joya y evitar que se deforme o se rompa, te aconsejamos que respetes las siguientes normas:<\/p>\n<ul>\n<li>Qu\u00edtatela cuando te vayas a dormir, cuando te vistas o te desvistas.<\/li>\n<li>No la pongas en contacto con otras joyas de metal, productos qu\u00edmicos.<\/li>\n<\/ul>\n<p>&nbsp;<\/p>\n<p><strong>ENTREGAS Y DEVOLUCIONES:<\/strong><\/p>\n<p>Env\u00edos gratuitos a partir de 150 euros SOLO en Espa\u00f1a<\/p>\n<p>Las joyas personalizadas se realizan bajo pedido, no se devuelven ni se cambian.<\/p>\n<p>Las joyas no personalizadas se pueden cambiar en un plazo de 14 d\u00edas desde la fecha de compra.<\/p>\n<p>Todos los art\u00edculos comprados en MALILA BIJOUX son revisados y preparados con amor y cuidado antes de ser empaquetados y enviados a todos nuestros clientes.<\/p>\n<p>Cada pieza de joyer\u00eda se moldea una a una a mano s\u00f3lo para usted. La producci\u00f3n requiere un plazo de 2 a 8 d\u00edas laborables para llevarse a cabo que depende de la cantidad.<\/p>\n<p>Los plazos se ampl\u00edan en caso de per\u00edodos excepcionales o d\u00edas festivos.<\/p>\n<p>Las joyas personalizadas se env\u00edan entre 1 y 3 d\u00edas laborables despu\u00e9s del plazo de producci\u00f3n.<\/p>\n<p><strong>\u00bfCu\u00e1ndo recibir\u00e1s tus beb\u00e9s?<\/strong><\/p>\n<p>Sobre las joyas personalizadas ver plazos m\u00e1s arriba.<\/p>\n<p>Salvo casos excepcionales, generalmente las entregas se realizan entre 1 y 3 d\u00edas laborables para Espa\u00f1a, 4 a 5 d\u00edas laborables para Europa.<\/p>\n<p><strong>\u00bf Una pregunta relativa al env\u00edo del paquete una vez entregado al transportista?<\/strong> ?<\/p>\n<p>Contacte directamente con \u00e9l con todas las referencias del paquete.<\/p>\n<p>Ten en cuenta que son plazos estimados.<\/p>\n<p>\u26a0 NO HAY DEVOLUCIONES ni CAMBIOS en art\u00edculos personalizados.<\/p>","protected":false},"excerpt":{"rendered":"<p><strong>Los dulces detalles hacen que nuestro Anillo de Iniciales sea una magn\u00edfica elecci\u00f3n.\u00a0<\/strong><\/p>\n<p>Quer\u00edamos regalarte algo diferente, precioso y \u00fanico. \u00a1As\u00ed que no espere m\u00e1s para personalizar esta hermosa pieza y apilar estos anillos para revelar sus iniciales o cualquier otra cosa que tenga significado para ti!<\/p>","protected":false},"featured_media":4183,"comment_status":"open","ping_status":"closed","template":"","meta":[],"product_cat":[105,102],"product_tag":[78],"class_list":{"0":"post-128","1":"product","2":"type-product","3":"status-publish","4":"has-post-thumbnail","6":"product_cat-rings-women-customization","7":"product_cat-women-customization","8":"product_tag-set","10":"first","11":"instock","12":"taxable","13":"shipping-taxable","14":"purchasable","15":"product-type-variable"},"yoast_head":"<!-- This site is optimized with the Yoast SEO plugin v27.1.1 - https:\/\/yoast.com\/product\/yoast-seo-wordpress\/ -->\n<title>Initials Ring - Malila Bijoux<\/title>\n<meta name=\"robots\" content=\"index, follow, max-snippet:-1, max-image-preview:large, max-video-preview:-1\" \/>\n<link rel=\"canonical\" href=\"https:\/\/www.malilabijoux.com\/es\/shop\/initial-ring\/\" \/>\n<meta property=\"og:locale\" content=\"es_ES\" \/>\n<meta property=\"og:type\" content=\"article\" \/>\n<meta property=\"og:title\" content=\"Initials Ring - Malila Bijoux\" \/>\n<meta property=\"og:description\" content=\"Sweet details make our Initial Ring is a gorgeous choice!\u00a0  We wanted to treat you to something different, pr\u00e9cious and unique. So don&#039;t wait more for personalise came up with this beautiful piece and stack these rings to reveal your initials or anything else that has meaning to you!\" \/>\n<meta property=\"og:url\" content=\"https:\/\/www.malilabijoux.com\/es\/shop\/initial-ring\/\" \/>\n<meta property=\"og:site_name\" content=\"Malila Bijoux\" \/>\n<meta property=\"article:modified_time\" content=\"2024-05-22T11:51:51+00:00\" \/>\n<meta property=\"og:image\" content=\"https:\/\/www.malilabijoux.com\/wp-content\/uploads\/2021\/12\/Initial-Ring-4.jpg\" \/>\n\t<meta property=\"og:image:width\" content=\"1440\" \/>\n\t<meta property=\"og:image:height\" content=\"1440\" \/>\n\t<meta property=\"og:image:type\" content=\"image\/jpeg\" \/>\n<meta name=\"twitter:card\" content=\"summary_large_image\" \/>\n<meta name=\"twitter:label1\" content=\"Tiempo de lectura\" \/>\n\t<meta name=\"twitter:data1\" content=\"2 minutos\" \/>\n<script type=\"application\/ld+json\" class=\"yoast-schema-graph\">{\"@context\":\"https:\/\/schema.org\",\"@graph\":[{\"@type\":\"WebPage\",\"@id\":\"https:\/\/www.malilabijoux.com\/shop\/initial-ring\/\",\"url\":\"https:\/\/www.malilabijoux.com\/shop\/initial-ring\/\",\"name\":\"Initials Ring - Malila Bijoux\",\"isPartOf\":{\"@id\":\"https:\/\/www.malilabijoux.com\/#website\"},\"primaryImageOfPage\":{\"@id\":\"https:\/\/www.malilabijoux.com\/shop\/initial-ring\/#primaryimage\"},\"image\":{\"@id\":\"https:\/\/www.malilabijoux.com\/shop\/initial-ring\/#primaryimage\"},\"thumbnailUrl\":\"https:\/\/www.malilabijoux.com\/wp-content\/uploads\/2021\/12\/Initial-Ring-4.jpg\",\"datePublished\":\"2021-12-23T01:00:01+00:00\",\"dateModified\":\"2024-05-22T11:51:51+00:00\",\"breadcrumb\":{\"@id\":\"https:\/\/www.malilabijoux.com\/shop\/initial-ring\/#breadcrumb\"},\"inLanguage\":\"es\",\"potentialAction\":[{\"@type\":\"ReadAction\",\"target\":[\"https:\/\/www.malilabijoux.com\/shop\/initial-ring\/\"]}]},{\"@type\":\"ImageObject\",\"inLanguage\":\"es\",\"@id\":\"https:\/\/www.malilabijoux.com\/shop\/initial-ring\/#primaryimage\",\"url\":\"https:\/\/www.malilabijoux.com\/wp-content\/uploads\/2021\/12\/Initial-Ring-4.jpg\",\"contentUrl\":\"https:\/\/www.malilabijoux.com\/wp-content\/uploads\/2021\/12\/Initial-Ring-4.jpg\",\"width\":1440,\"height\":1440},{\"@type\":\"BreadcrumbList\",\"@id\":\"https:\/\/www.malilabijoux.com\/shop\/initial-ring\/#breadcrumb\",\"itemListElement\":[{\"@type\":\"ListItem\",\"position\":1,\"name\":\"Home\",\"item\":\"https:\/\/www.malilabijoux.com\/\"},{\"@type\":\"ListItem\",\"position\":2,\"name\":\"Shop\",\"item\":\"https:\/\/www.malilabijoux.com\/es\/shop\/\"},{\"@type\":\"ListItem\",\"position\":3,\"name\":\"Initials Ring\"}]},{\"@type\":\"WebSite\",\"@id\":\"https:\/\/www.malilabijoux.com\/#website\",\"url\":\"https:\/\/www.malilabijoux.com\/\",\"name\":\"Malila Bijoux\",\"description\":\"A Jewelry Brand made to bring joy\",\"publisher\":{\"@id\":\"https:\/\/www.malilabijoux.com\/#organization\"},\"potentialAction\":[{\"@type\":\"SearchAction\",\"target\":{\"@type\":\"EntryPoint\",\"urlTemplate\":\"https:\/\/www.malilabijoux.com\/?s={search_term_string}\"},\"query-input\":{\"@type\":\"PropertyValueSpecification\",\"valueRequired\":true,\"valueName\":\"search_term_string\"}}],\"inLanguage\":\"es\"},{\"@type\":\"Organization\",\"@id\":\"https:\/\/www.malilabijoux.com\/#organization\",\"name\":\"Malila Bijoux\",\"url\":\"https:\/\/www.malilabijoux.com\/\",\"logo\":{\"@type\":\"ImageObject\",\"inLanguage\":\"es\",\"@id\":\"https:\/\/www.malilabijoux.com\/#\/schema\/logo\/image\/\",\"url\":\"https:\/\/www.malilabijoux.com\/wp-content\/uploads\/2023\/07\/Malila-bijoux.png\",\"contentUrl\":\"https:\/\/www.malilabijoux.com\/wp-content\/uploads\/2023\/07\/Malila-bijoux.png\",\"width\":1258,\"height\":952,\"caption\":\"Malila Bijoux\"},\"image\":{\"@id\":\"https:\/\/www.malilabijoux.com\/#\/schema\/logo\/image\/\"},\"sameAs\":[\"https:\/\/www.instagram.com\/malila.bijoux\/\"]}]}<\/script>\n<!-- \/ Yoast SEO plugin. -->","yoast_head_json":{"title":"Initials Ring - Malila Bijoux","robots":{"index":"index","follow":"follow","max-snippet":"max-snippet:-1","max-image-preview":"max-image-preview:large","max-video-preview":"max-video-preview:-1"},"canonical":"https:\/\/www.malilabijoux.com\/es\/shop\/initial-ring\/","og_locale":"es_ES","og_type":"article","og_title":"Initials Ring - Malila Bijoux","og_description":"Sweet details make our Initial Ring is a gorgeous choice!\u00a0  We wanted to treat you to something different, pr\u00e9cious and unique. So don't wait more for personalise came up with this beautiful piece and stack these rings to reveal your initials or anything else that has meaning to you!","og_url":"https:\/\/www.malilabijoux.com\/es\/shop\/initial-ring\/","og_site_name":"Malila Bijoux","article_modified_time":"2024-05-22T11:51:51+00:00","og_image":[{"width":1440,"height":1440,"url":"https:\/\/www.malilabijoux.com\/wp-content\/uploads\/2021\/12\/Initial-Ring-4.jpg","type":"image\/jpeg"}],"twitter_card":"summary_large_image","twitter_misc":{"Tiempo de lectura":"2 minutos"},"schema":{"@context":"https:\/\/schema.org","@graph":[{"@type":"WebPage","@id":"https:\/\/www.malilabijoux.com\/shop\/initial-ring\/","url":"https:\/\/www.malilabijoux.com\/shop\/initial-ring\/","name":"Initials Ring - Malila Bijoux","isPartOf":{"@id":"https:\/\/www.malilabijoux.com\/#website"},"primaryImageOfPage":{"@id":"https:\/\/www.malilabijoux.com\/shop\/initial-ring\/#primaryimage"},"image":{"@id":"https:\/\/www.malilabijoux.com\/shop\/initial-ring\/#primaryimage"},"thumbnailUrl":"https:\/\/www.malilabijoux.com\/wp-content\/uploads\/2021\/12\/Initial-Ring-4.jpg","datePublished":"2021-12-23T01:00:01+00:00","dateModified":"2024-05-22T11:51:51+00:00","breadcrumb":{"@id":"https:\/\/www.malilabijoux.com\/shop\/initial-ring\/#breadcrumb"},"inLanguage":"es","potentialAction":[{"@type":"ReadAction","target":["https:\/\/www.malilabijoux.com\/shop\/initial-ring\/"]}]},{"@type":"ImageObject","inLanguage":"es","@id":"https:\/\/www.malilabijoux.com\/shop\/initial-ring\/#primaryimage","url":"https:\/\/www.malilabijoux.com\/wp-content\/uploads\/2021\/12\/Initial-Ring-4.jpg","contentUrl":"https:\/\/www.malilabijoux.com\/wp-content\/uploads\/2021\/12\/Initial-Ring-4.jpg","width":1440,"height":1440},{"@type":"BreadcrumbList","@id":"https:\/\/www.malilabijoux.com\/shop\/initial-ring\/#breadcrumb","itemListElement":[{"@type":"ListItem","position":1,"name":"Home","item":"https:\/\/www.malilabijoux.com\/"},{"@type":"ListItem","position":2,"name":"Shop","item":"https:\/\/www.malilabijoux.com\/es\/shop\/"},{"@type":"ListItem","position":3,"name":"Initials Ring"}]},{"@type":"WebSite","@id":"https:\/\/www.malilabijoux.com\/#website","url":"https:\/\/www.malilabijoux.com\/","name":"Malila Bijoux","description":"A Jewelry Brand made to bring joy","publisher":{"@id":"https:\/\/www.malilabijoux.com\/#organization"},"potentialAction":[{"@type":"SearchAction","target":{"@type":"EntryPoint","urlTemplate":"https:\/\/www.malilabijoux.com\/?s={search_term_string}"},"query-input":{"@type":"PropertyValueSpecification","valueRequired":true,"valueName":"search_term_string"}}],"inLanguage":"es"},{"@type":"Organization","@id":"https:\/\/www.malilabijoux.com\/#organization","name":"Malila Bijoux","url":"https:\/\/www.malilabijoux.com\/","logo":{"@type":"ImageObject","inLanguage":"es","@id":"https:\/\/www.malilabijoux.com\/#\/schema\/logo\/image\/","url":"https:\/\/www.malilabijoux.com\/wp-content\/uploads\/2023\/07\/Malila-bijoux.png","contentUrl":"https:\/\/www.malilabijoux.com\/wp-content\/uploads\/2023\/07\/Malila-bijoux.png","width":1258,"height":952,"caption":"Malila Bijoux"},"image":{"@id":"https:\/\/www.malilabijoux.com\/#\/schema\/logo\/image\/"},"sameAs":["https:\/\/www.instagram.com\/malila.bijoux\/"]}]}},"jetpack_sharing_enabled":true,"_links":{"self":[{"href":"https:\/\/www.malilabijoux.com\/es\/wp-json\/wp\/v2\/product\/128","targetHints":{"allow":["GET"]}}],"collection":[{"href":"https:\/\/www.malilabijoux.com\/es\/wp-json\/wp\/v2\/product"}],"about":[{"href":"https:\/\/www.malilabijoux.com\/es\/wp-json\/wp\/v2\/types\/product"}],"replies":[{"embeddable":true,"href":"https:\/\/www.malilabijoux.com\/es\/wp-json\/wp\/v2\/comments?post=128"}],"wp:featuredmedia":[{"embeddable":true,"href":"https:\/\/www.malilabijoux.com\/es\/wp-json\/wp\/v2\/media\/4183"}],"wp:attachment":[{"href":"https:\/\/www.malilabijoux.com\/es\/wp-json\/wp\/v2\/media?parent=128"}],"wp:term":[{"taxonomy":"product_cat","embeddable":true,"href":"https:\/\/www.malilabijoux.com\/es\/wp-json\/wp\/v2\/product_cat?post=128"},{"taxonomy":"product_tag","embeddable":true,"href":"https:\/\/www.malilabijoux.com\/es\/wp-json\/wp\/v2\/product_tag?post=128"}],"curies":[{"name":"wp","href":"https:\/\/api.w.org\/{rel}","templated":true}]}}