{"id":2866,"date":"2021-11-05T11:57:26","date_gmt":"2021-11-05T10:57:26","guid":{"rendered":"https:\/\/parkofideas.com\/goldish\/demo1\/shop\/floral-copy\/"},"modified":"2026-03-17T14:04:56","modified_gmt":"2026-03-17T13:04:56","slug":"message-bracelet","status":"publish","type":"product","link":"https:\/\/www.malilabijoux.com\/es\/shop\/message-bracelet\/","title":{"rendered":"Message Bracelet"},"content":{"rendered":"<p><strong>MATERIALES<\/strong><\/p>\n<ul>\n<li>Gold Filled de 14 quilates o Plata de ley 925<\/li>\n<\/ul>\n<p>&nbsp;<\/p>\n<p><strong>TALLA:<\/strong><\/p>\n<p>Seleccione su talla en el men\u00fa desplegable:<\/p>\n<ul>\n<li>13 cm<\/li>\n<li>13.5 cm<\/li>\n<li>14 cm<\/li>\n<li>14.5 cm<\/li>\n<li>15 cm<\/li>\n<li>15.5 cm<\/li>\n<li>16 cm<\/li>\n<li>16.5 cm<\/li>\n<li>17 cm<\/li>\n<li>17.5 cm<\/li>\n<li>18 cm<\/li>\n<\/ul>\n<p><strong>\u00a1Estas tallas son de mu\u00f1eca y no de pulsera!<\/strong><\/p>\n<p><strong>Para elegir tu talla:<\/strong> mide la circunferencia exacta de tu mu\u00f1eca con una cinta m\u00e9trica de costura \u2192 <strong>\u00a1Mira las fotos!<\/strong> \ud83d\udc40 y selecciona tu talla en el men\u00fa desplegable.<\/p>\n<p>Ten en cuenta que, para mayor libertad y comodidad, se a\u00f1ade sistem\u00e1ticamente un anillo adicional de 1 cm para agrandar la pulsera en caso necesario.<\/p>\n<p>&nbsp;<\/p>\n<p><strong>CARACTERES:<\/strong><\/p>\n<ul>\n<li>El nombre o palabra debe hacer m\u00e1ximo 8 caracteres. SIN MAY\u00daSCULAS.<\/li>\n<li>Copia y Pega este coraz\u00f3n \u2661 si quieres poner un coraz\u00f3n en lugar de una letra.<\/li>\n<li>Considere que el \u2661 equivale a un car\u00e1cter.<\/li>\n<\/ul>\n<p>&nbsp;<\/p>\n<p><strong>INSTRUCCIONES:<\/strong><\/p>\n<p>Para conservar mejor tu joya y evitar que se deforme o se rompa, te aconsejamos que respetes las siguientes normas:<\/p>\n<ul>\n<li>Qu\u00edtatela cuando te vayas a dormir, cuando te vistas o te desvistas.<\/li>\n<li>No la pongas en contacto con otras joyas de metal, productos qu\u00edmicos.<\/li>\n<\/ul>\n<p>&nbsp;<\/p>\n<p><strong>ENTREGAS Y DEVOLUCIONES:<\/strong><\/p>\n<p>Env\u00edos gratuitos a partir de 150 euros SOLO en Espa\u00f1a<\/p>\n<p>Las joyas personalizadas se realizan bajo pedido, no se devuelven ni se cambian.<\/p>\n<p>Las joyas no personalizadas se pueden cambiar en un plazo de 14 d\u00edas desde la fecha de compra.<\/p>\n<p>Todos los art\u00edculos comprados en MALILA BIJOUX son revisados y preparados con amor y cuidado antes de ser empaquetados y enviados a todos nuestros clientes.<\/p>\n<p>Cada pieza de joyer\u00eda se moldea una a una a mano s\u00f3lo para usted. La producci\u00f3n requiere un plazo de 2 a 8 d\u00edas laborables para llevarse a cabo que depende de la cantidad.<\/p>\n<p>Los plazos se ampl\u00edan en caso de per\u00edodos excepcionales o d\u00edas festivos.<\/p>\n<p>Las joyas personalizadas se env\u00edan entre 1 y 3 d\u00edas laborables despu\u00e9s del plazo de producci\u00f3n.<\/p>\n<p><strong>\u00bfCu\u00e1ndo recibir\u00e1s tus beb\u00e9s?<\/strong><\/p>\n<p>Sobre las joyas personalizadas ver plazos m\u00e1s arriba.<\/p>\n<p>Salvo casos excepcionales, generalmente las entregas se realizan entre 1 y 3 d\u00edas laborables para Espa\u00f1a, 4 a 5 d\u00edas laborables para Europa.<\/p>\n<p><strong>\u00bf Una pregunta relativa al env\u00edo del paquete una vez entregado al transportista?<\/strong> ?<\/p>\n<p>Contacte directamente con \u00e9l con todas las referencias del paquete.<\/p>\n<p>Ten en cuenta que son plazos estimados.<\/p>\n<p>\u26a0 NO HAY DEVOLUCIONES ni CAMBIOS en art\u00edculos personalizados.<\/p>","protected":false},"excerpt":{"rendered":"<p><span data-sheets-formula-bar-text-style=\"font-size:13px;color:#000000;font-weight:normal;text-decoration:none;font-family:'docs-Roboto';font-style:normal;text-decoration-skip-ink:none;\">Las joyas personalizadas son un regalo fant\u00e1stico para cualquier ocasi\u00f3n, y esta <\/span><span data-sheets-formula-bar-text-style=\"font-size:13px;color:#ff0000;font-weight:normal;text-decoration:none;font-family:''docs-Roboto'';font-style:normal;text-decoration-skip-ink:none;\">pulsera<\/span><span data-sheets-formula-bar-text-style=\"font-size:13px;color:#000000;font-weight:normal;text-decoration:none;font-family:'docs-Roboto';font-style:normal;text-decoration-skip-ink:none;\"> con mensaje seguro que causar\u00e1 sensaci\u00f3n.<\/span><\/p>\n<p>La delicada apariencia de esta pulsera es un complemento ideal de moda y puede expresar cualquier sentimiento que desees. S\u00f3lo tienes que elegir un nombre o una palabra significativa, y tendr\u00e1s una pieza \u00fanica de joyer\u00eda fant\u00e1stica.<\/p>","protected":false},"featured_media":6859,"comment_status":"open","ping_status":"closed","template":"","meta":[],"product_cat":[103,102],"product_tag":[111],"class_list":{"0":"post-2866","1":"product","2":"type-product","3":"status-publish","4":"has-post-thumbnail","6":"product_cat-bracelets-women-customization","7":"product_cat-women-customization","8":"product_tag-custom","10":"first","11":"instock","12":"featured","13":"taxable","14":"shipping-taxable","15":"purchasable","16":"product-type-variable","17":"has-default-attributes"},"yoast_head":"<!-- This site is optimized with the Yoast SEO plugin v27.1.1 - https:\/\/yoast.com\/product\/yoast-seo-wordpress\/ -->\n<title>Message Bracelet - Malila Bijoux<\/title>\n<meta name=\"robots\" content=\"index, follow, max-snippet:-1, max-image-preview:large, max-video-preview:-1\" \/>\n<link rel=\"canonical\" href=\"https:\/\/www.malilabijoux.com\/es\/shop\/message-bracelet\/\" \/>\n<meta property=\"og:locale\" content=\"es_ES\" \/>\n<meta property=\"og:type\" content=\"article\" \/>\n<meta property=\"og:title\" content=\"Message Bracelet - Malila Bijoux\" \/>\n<meta property=\"og:description\" content=\"Personalized jewelry makes a fantastic gift for any occasion, and this Message Bracelet is sure to make a splash!  This bracelet it is delicate look complements a variety of popular fashions and you can express any sentiment you like. Simply choose a name or a meaningful word, and you\u2019ve got a unique piece of jewelry that looks fantastic while.\" \/>\n<meta property=\"og:url\" content=\"https:\/\/www.malilabijoux.com\/es\/shop\/message-bracelet\/\" \/>\n<meta property=\"og:site_name\" content=\"Malila Bijoux\" \/>\n<meta property=\"article:modified_time\" content=\"2026-03-17T13:04:56+00:00\" \/>\n<meta property=\"og:image\" content=\"https:\/\/www.malilabijoux.com\/wp-content\/uploads\/2021\/11\/mon-amour-1.jpg\" \/>\n\t<meta property=\"og:image:width\" content=\"1920\" \/>\n\t<meta property=\"og:image:height\" content=\"2560\" \/>\n\t<meta property=\"og:image:type\" content=\"image\/jpeg\" \/>\n<meta name=\"twitter:card\" content=\"summary_large_image\" \/>\n<meta name=\"twitter:label1\" content=\"Tiempo de lectura\" \/>\n\t<meta name=\"twitter:data1\" content=\"2 minutos\" \/>\n<script type=\"application\/ld+json\" class=\"yoast-schema-graph\">{\"@context\":\"https:\/\/schema.org\",\"@graph\":[{\"@type\":\"WebPage\",\"@id\":\"https:\/\/www.malilabijoux.com\/shop\/message-bracelet\/\",\"url\":\"https:\/\/www.malilabijoux.com\/shop\/message-bracelet\/\",\"name\":\"Message Bracelet - Malila Bijoux\",\"isPartOf\":{\"@id\":\"https:\/\/www.malilabijoux.com\/#website\"},\"primaryImageOfPage\":{\"@id\":\"https:\/\/www.malilabijoux.com\/shop\/message-bracelet\/#primaryimage\"},\"image\":{\"@id\":\"https:\/\/www.malilabijoux.com\/shop\/message-bracelet\/#primaryimage\"},\"thumbnailUrl\":\"https:\/\/www.malilabijoux.com\/wp-content\/uploads\/2021\/11\/mon-amour-1.jpg\",\"datePublished\":\"2021-11-05T10:57:26+00:00\",\"dateModified\":\"2026-03-17T13:04:56+00:00\",\"breadcrumb\":{\"@id\":\"https:\/\/www.malilabijoux.com\/shop\/message-bracelet\/#breadcrumb\"},\"inLanguage\":\"es\",\"potentialAction\":[{\"@type\":\"ReadAction\",\"target\":[\"https:\/\/www.malilabijoux.com\/shop\/message-bracelet\/\"]}]},{\"@type\":\"ImageObject\",\"inLanguage\":\"es\",\"@id\":\"https:\/\/www.malilabijoux.com\/shop\/message-bracelet\/#primaryimage\",\"url\":\"https:\/\/www.malilabijoux.com\/wp-content\/uploads\/2021\/11\/mon-amour-1.jpg\",\"contentUrl\":\"https:\/\/www.malilabijoux.com\/wp-content\/uploads\/2021\/11\/mon-amour-1.jpg\",\"width\":1920,\"height\":2560},{\"@type\":\"BreadcrumbList\",\"@id\":\"https:\/\/www.malilabijoux.com\/shop\/message-bracelet\/#breadcrumb\",\"itemListElement\":[{\"@type\":\"ListItem\",\"position\":1,\"name\":\"Home\",\"item\":\"https:\/\/www.malilabijoux.com\/\"},{\"@type\":\"ListItem\",\"position\":2,\"name\":\"Shop\",\"item\":\"https:\/\/www.malilabijoux.com\/es\/shop\/\"},{\"@type\":\"ListItem\",\"position\":3,\"name\":\"Message Bracelet\"}]},{\"@type\":\"WebSite\",\"@id\":\"https:\/\/www.malilabijoux.com\/#website\",\"url\":\"https:\/\/www.malilabijoux.com\/\",\"name\":\"Malila Bijoux\",\"description\":\"A Jewelry Brand made to bring joy\",\"publisher\":{\"@id\":\"https:\/\/www.malilabijoux.com\/#organization\"},\"potentialAction\":[{\"@type\":\"SearchAction\",\"target\":{\"@type\":\"EntryPoint\",\"urlTemplate\":\"https:\/\/www.malilabijoux.com\/?s={search_term_string}\"},\"query-input\":{\"@type\":\"PropertyValueSpecification\",\"valueRequired\":true,\"valueName\":\"search_term_string\"}}],\"inLanguage\":\"es\"},{\"@type\":\"Organization\",\"@id\":\"https:\/\/www.malilabijoux.com\/#organization\",\"name\":\"Malila Bijoux\",\"url\":\"https:\/\/www.malilabijoux.com\/\",\"logo\":{\"@type\":\"ImageObject\",\"inLanguage\":\"es\",\"@id\":\"https:\/\/www.malilabijoux.com\/#\/schema\/logo\/image\/\",\"url\":\"https:\/\/www.malilabijoux.com\/wp-content\/uploads\/2023\/07\/Malila-bijoux.png\",\"contentUrl\":\"https:\/\/www.malilabijoux.com\/wp-content\/uploads\/2023\/07\/Malila-bijoux.png\",\"width\":1258,\"height\":952,\"caption\":\"Malila Bijoux\"},\"image\":{\"@id\":\"https:\/\/www.malilabijoux.com\/#\/schema\/logo\/image\/\"},\"sameAs\":[\"https:\/\/www.instagram.com\/malila.bijoux\/\"]}]}<\/script>\n<!-- \/ Yoast SEO plugin. -->","yoast_head_json":{"title":"Message Bracelet - Malila Bijoux","robots":{"index":"index","follow":"follow","max-snippet":"max-snippet:-1","max-image-preview":"max-image-preview:large","max-video-preview":"max-video-preview:-1"},"canonical":"https:\/\/www.malilabijoux.com\/es\/shop\/message-bracelet\/","og_locale":"es_ES","og_type":"article","og_title":"Message Bracelet - Malila Bijoux","og_description":"Personalized jewelry makes a fantastic gift for any occasion, and this Message Bracelet is sure to make a splash!  This bracelet it is delicate look complements a variety of popular fashions and you can express any sentiment you like. Simply choose a name or a meaningful word, and you\u2019ve got a unique piece of jewelry that looks fantastic while.","og_url":"https:\/\/www.malilabijoux.com\/es\/shop\/message-bracelet\/","og_site_name":"Malila Bijoux","article_modified_time":"2026-03-17T13:04:56+00:00","og_image":[{"width":1920,"height":2560,"url":"https:\/\/www.malilabijoux.com\/wp-content\/uploads\/2021\/11\/mon-amour-1.jpg","type":"image\/jpeg"}],"twitter_card":"summary_large_image","twitter_misc":{"Tiempo de lectura":"2 minutos"},"schema":{"@context":"https:\/\/schema.org","@graph":[{"@type":"WebPage","@id":"https:\/\/www.malilabijoux.com\/shop\/message-bracelet\/","url":"https:\/\/www.malilabijoux.com\/shop\/message-bracelet\/","name":"Message Bracelet - Malila Bijoux","isPartOf":{"@id":"https:\/\/www.malilabijoux.com\/#website"},"primaryImageOfPage":{"@id":"https:\/\/www.malilabijoux.com\/shop\/message-bracelet\/#primaryimage"},"image":{"@id":"https:\/\/www.malilabijoux.com\/shop\/message-bracelet\/#primaryimage"},"thumbnailUrl":"https:\/\/www.malilabijoux.com\/wp-content\/uploads\/2021\/11\/mon-amour-1.jpg","datePublished":"2021-11-05T10:57:26+00:00","dateModified":"2026-03-17T13:04:56+00:00","breadcrumb":{"@id":"https:\/\/www.malilabijoux.com\/shop\/message-bracelet\/#breadcrumb"},"inLanguage":"es","potentialAction":[{"@type":"ReadAction","target":["https:\/\/www.malilabijoux.com\/shop\/message-bracelet\/"]}]},{"@type":"ImageObject","inLanguage":"es","@id":"https:\/\/www.malilabijoux.com\/shop\/message-bracelet\/#primaryimage","url":"https:\/\/www.malilabijoux.com\/wp-content\/uploads\/2021\/11\/mon-amour-1.jpg","contentUrl":"https:\/\/www.malilabijoux.com\/wp-content\/uploads\/2021\/11\/mon-amour-1.jpg","width":1920,"height":2560},{"@type":"BreadcrumbList","@id":"https:\/\/www.malilabijoux.com\/shop\/message-bracelet\/#breadcrumb","itemListElement":[{"@type":"ListItem","position":1,"name":"Home","item":"https:\/\/www.malilabijoux.com\/"},{"@type":"ListItem","position":2,"name":"Shop","item":"https:\/\/www.malilabijoux.com\/es\/shop\/"},{"@type":"ListItem","position":3,"name":"Message Bracelet"}]},{"@type":"WebSite","@id":"https:\/\/www.malilabijoux.com\/#website","url":"https:\/\/www.malilabijoux.com\/","name":"Malila Bijoux","description":"A Jewelry Brand made to bring joy","publisher":{"@id":"https:\/\/www.malilabijoux.com\/#organization"},"potentialAction":[{"@type":"SearchAction","target":{"@type":"EntryPoint","urlTemplate":"https:\/\/www.malilabijoux.com\/?s={search_term_string}"},"query-input":{"@type":"PropertyValueSpecification","valueRequired":true,"valueName":"search_term_string"}}],"inLanguage":"es"},{"@type":"Organization","@id":"https:\/\/www.malilabijoux.com\/#organization","name":"Malila Bijoux","url":"https:\/\/www.malilabijoux.com\/","logo":{"@type":"ImageObject","inLanguage":"es","@id":"https:\/\/www.malilabijoux.com\/#\/schema\/logo\/image\/","url":"https:\/\/www.malilabijoux.com\/wp-content\/uploads\/2023\/07\/Malila-bijoux.png","contentUrl":"https:\/\/www.malilabijoux.com\/wp-content\/uploads\/2023\/07\/Malila-bijoux.png","width":1258,"height":952,"caption":"Malila Bijoux"},"image":{"@id":"https:\/\/www.malilabijoux.com\/#\/schema\/logo\/image\/"},"sameAs":["https:\/\/www.instagram.com\/malila.bijoux\/"]}]}},"jetpack_sharing_enabled":true,"_links":{"self":[{"href":"https:\/\/www.malilabijoux.com\/es\/wp-json\/wp\/v2\/product\/2866","targetHints":{"allow":["GET"]}}],"collection":[{"href":"https:\/\/www.malilabijoux.com\/es\/wp-json\/wp\/v2\/product"}],"about":[{"href":"https:\/\/www.malilabijoux.com\/es\/wp-json\/wp\/v2\/types\/product"}],"replies":[{"embeddable":true,"href":"https:\/\/www.malilabijoux.com\/es\/wp-json\/wp\/v2\/comments?post=2866"}],"wp:featuredmedia":[{"embeddable":true,"href":"https:\/\/www.malilabijoux.com\/es\/wp-json\/wp\/v2\/media\/6859"}],"wp:attachment":[{"href":"https:\/\/www.malilabijoux.com\/es\/wp-json\/wp\/v2\/media?parent=2866"}],"wp:term":[{"taxonomy":"product_cat","embeddable":true,"href":"https:\/\/www.malilabijoux.com\/es\/wp-json\/wp\/v2\/product_cat?post=2866"},{"taxonomy":"product_tag","embeddable":true,"href":"https:\/\/www.malilabijoux.com\/es\/wp-json\/wp\/v2\/product_tag?post=2866"}],"curies":[{"name":"wp","href":"https:\/\/api.w.org\/{rel}","templated":true}]}}