{"id":4296,"date":"2023-07-06T23:37:15","date_gmt":"2023-07-06T21:37:15","guid":{"rendered":"https:\/\/www.malilabijoux.com\/?post_type=product&#038;p=4296"},"modified":"2025-09-30T18:34:51","modified_gmt":"2025-09-30T16:34:51","slug":"kelana-ring","status":"publish","type":"product","link":"https:\/\/www.malilabijoux.com\/es\/shop\/kelana-ring\/","title":{"rendered":"Anillo Kelana"},"content":{"rendered":"<p><strong>MATERIALES<\/strong><\/p>\n<ul>\n<li>\u00a0Gold filled de 14 quilates o Plata de ley 925<\/li>\n<\/ul>\n<p><strong>TALLA:<\/strong><\/p>\n<p>Todos nuestros anillos son ajustables.<\/p>\n<p>&nbsp;<\/p>\n<p><strong>INSTRUCCIONES:<\/strong><\/p>\n<p>Para conservar mejor tu joya y evitar que se deforme o se rompa, te aconsejamos que respetes las siguientes normas:<\/p>\n<p>\u2022 Qu\u00edtatela cuando te vayas a dormir, cuando te vistas o te desvistas.<\/p>\n<p>\u2022 No la pongas en contacto con otras joyas de metal o productos qu\u00edmicos.<\/p>\n<p>&nbsp;<\/p>\n<p><strong>ENTREGAS Y DEVOLUCIONES:<\/strong><\/p>\n<p>Env\u00edos gratuitos a partir de 150 euros SOLO en Espa\u00f1a<\/p>\n<p>Las joyas personalizadas se realizan bajo pedido, no se devuelven ni se cambian.<\/p>\n<p>Las joyas no personalizadas se pueden cambiar en un plazo de 14 d\u00edas desde la fecha de compra.<\/p>\n<p>Todos los art\u00edculos comprados en MALILA BIJOUX son revisados y preparados con amor y cuidado antes de ser empaquetados y enviados a todos nuestros clientes.<\/p>\n<p>Cada pieza de joyer\u00eda se moldea una a una a mano s\u00f3lo para usted. La producci\u00f3n requiere un plazo de 2 a 8 d\u00edas laborables para llevarse a cabo que depende de la cantidad.<\/p>\n<p>Los plazos se ampl\u00edan en caso de per\u00edodos excepcionales o d\u00edas festivos.<\/p>\n<p>Las joyas personalizadas se env\u00edan entre 1 y 3 d\u00edas laborables despu\u00e9s del plazo de producci\u00f3n.<\/p>\n<p><strong>\u00bfCu\u00e1ndo recibir\u00e1s tus beb\u00e9s?<\/strong><\/p>\n<p>Sobre las joyas personalizadas ver plazos m\u00e1s arriba.<\/p>\n<p>Salvo casos excepcionales, generalmente las entregas se realizan entre 1 y 3 d\u00edas laborables para Espa\u00f1a, 4 a 5 d\u00edas laborables para Europa.<\/p>\n<p><strong>\u00bf Una pregunta relativa al env\u00edo del paquete una vez entregado al transportista?<\/strong> ?<\/p>\n<p>Contacte directamente con \u00e9l con todas las referencias del paquete.<\/p>\n<p>Ten en cuenta que son plazos estimados.<\/p>\n<p>\u26a0 NO HAY DEVOLUCIONES ni CAMBIOS en art\u00edculos personalizados.<\/p>","protected":false},"excerpt":{"rendered":"<div id=\"docs-chrome\" class=\"docs-material companion-enabled\" tabindex=\"0\" role=\"banner\" aria-label=\"Barra de men\u00fa\">\n<div id=\"docs-additional-bars\">\n<div id=\"formula-bar-name-box-wrapper\" class=\"name-box-enabled formula-bar-with-name-box-wrapper\">\n<div id=\"formula-bar\" class=\"formula-bar\">\n<div id=\"t-formula-bar-input-container\">\n<div dir=\"ltr\">\n<div id=\"t-formula-bar-input\" spellcheck=\"false\">\n<div class=\"cell-input\" dir=\"ltr\" tabindex=\"0\" role=\"combobox\" contenteditable=\"true\" aria-autocomplete=\"list\">\u00a1El anillo Kelana hecho a mano con un precioso alambre y sus delicadas perlas es un anillo para llevar sin moderaci\u00f3n! \u00a1F\u00e1cil de llevar y en todas partes que desee, este precioso anillo es muy c\u00f3modo de tener en todo el d\u00eda! Asociado con el <strong>Anillo Nelani<\/strong> para un combo perfecto.<\/div>\n<\/div>\n<\/div>\n<\/div>\n<\/div>\n<\/div>\n<div id=\"formula-bar-dragger\" class=\"formula-bar-hoverable\"><\/div>\n<div id=\"waffle-editorsized-bar\">\n<div id=\"waffle-db-delegation-banner-id\"><\/div>\n<div id=\"waffle-dbsource-configbar-id\"><\/div>\n<div id=\"waffle-filterbar-id\"><\/div>\n<\/div>\n<\/div>\n<div id=\"docs-transient-bar-container\"><\/div>\n<div id=\"docs-palettes\"><\/div>\n<\/div>\n<div id=\"docs-texteventtargetbrailleoffsetcalculator\"><\/div>\n<div id=\"docs-editor-container\" dir=\"ltr\">\n<div id=\"docs-editor\" class=\"companion-enabled\">\n<div class=\"waffle-revisions-container\"><\/div>\n<div id=\"waffle-grid-container\" dir=\"ltr\">\n<div id=\"1544646861-grid-container\" class=\"grid-container\" dir=\"ltr\">\n<div id=\"1544646861-row-headers-background\" class=\"row-headers-background\"><\/div>\n<div id=\"1544646861-column-headers-background\" class=\"column-headers-background\"><\/div>\n<div id=\"1544646861-selected-row-headers-background\" class=\"selected-row-headers-background\"><\/div>\n<div id=\"1544646861-selected-column-headers-background\" class=\"selected-column-headers-background\"><\/div>\n<div id=\"1544646861-grid-table-container\">\n<div class=\"grid-table-container fixed-table-container\">\n<div id=\"1544646861-fixed\" class=\"grid-fixed-wrapper\">\n<div class=\"goog-inline-block fixed4-inner-container\"><\/div>\n<div class=\"goog-inline-block fixed4-inner-container\"><\/div>\n<\/div>\n<\/div>\n<\/div>\n<\/div>\n<\/div>\n<\/div>\n<\/div>","protected":false},"featured_media":4301,"comment_status":"open","ping_status":"closed","template":"","meta":[],"product_cat":[90,66],"product_tag":[197],"class_list":{"0":"post-4296","1":"product","2":"type-product","3":"status-publish","4":"has-post-thumbnail","6":"product_cat-rings-women-hand-made","7":"product_cat-women-hand-made","8":"product_tag-rings","10":"first","11":"instock","12":"featured","13":"taxable","14":"shipping-taxable","15":"purchasable","16":"product-type-variable"},"yoast_head":"<!-- This site is optimized with the Yoast SEO plugin v27.1.1 - https:\/\/yoast.com\/product\/yoast-seo-wordpress\/ -->\n<title>Kelana Ring - Malila Bijoux<\/title>\n<meta name=\"robots\" content=\"index, follow, max-snippet:-1, max-image-preview:large, max-video-preview:-1\" \/>\n<link rel=\"canonical\" href=\"https:\/\/www.malilabijoux.com\/es\/shop\/kelana-ring\/\" \/>\n<meta property=\"og:locale\" content=\"es_ES\" \/>\n<meta property=\"og:type\" content=\"article\" \/>\n<meta property=\"og:title\" content=\"Kelana Ring - Malila Bijoux\" \/>\n<meta property=\"og:description\" content=\"The Kelana Ring handmade crafted with a precious wire and pearls is a ring to wear without moderation! Easy to wear and everywhere you want, this lovely ring is very comfortable to have on all day! Associated with Nelani ring for a perfect combo.\" \/>\n<meta property=\"og:url\" content=\"https:\/\/www.malilabijoux.com\/es\/shop\/kelana-ring\/\" \/>\n<meta property=\"og:site_name\" content=\"Malila Bijoux\" \/>\n<meta property=\"article:modified_time\" content=\"2025-09-30T16:34:51+00:00\" \/>\n<meta property=\"og:image\" content=\"https:\/\/www.malilabijoux.com\/wp-content\/uploads\/2023\/07\/FullSizeRender-9-scaled.jpg\" \/>\n\t<meta property=\"og:image:width\" content=\"2498\" \/>\n\t<meta property=\"og:image:height\" content=\"3360\" \/>\n\t<meta property=\"og:image:type\" content=\"image\/jpeg\" \/>\n<meta name=\"twitter:card\" content=\"summary_large_image\" \/>\n<meta name=\"twitter:label1\" content=\"Tiempo de lectura\" \/>\n\t<meta name=\"twitter:data1\" content=\"2 minutos\" \/>\n<script type=\"application\/ld+json\" class=\"yoast-schema-graph\">{\"@context\":\"https:\/\/schema.org\",\"@graph\":[{\"@type\":\"WebPage\",\"@id\":\"https:\/\/www.malilabijoux.com\/shop\/kelana-ring\/\",\"url\":\"https:\/\/www.malilabijoux.com\/shop\/kelana-ring\/\",\"name\":\"Kelana Ring - Malila Bijoux\",\"isPartOf\":{\"@id\":\"https:\/\/www.malilabijoux.com\/#website\"},\"primaryImageOfPage\":{\"@id\":\"https:\/\/www.malilabijoux.com\/shop\/kelana-ring\/#primaryimage\"},\"image\":{\"@id\":\"https:\/\/www.malilabijoux.com\/shop\/kelana-ring\/#primaryimage\"},\"thumbnailUrl\":\"https:\/\/www.malilabijoux.com\/wp-content\/uploads\/2023\/07\/FullSizeRender-9-scaled.jpg\",\"datePublished\":\"2023-07-06T21:37:15+00:00\",\"dateModified\":\"2025-09-30T16:34:51+00:00\",\"breadcrumb\":{\"@id\":\"https:\/\/www.malilabijoux.com\/shop\/kelana-ring\/#breadcrumb\"},\"inLanguage\":\"es\",\"potentialAction\":[{\"@type\":\"ReadAction\",\"target\":[\"https:\/\/www.malilabijoux.com\/shop\/kelana-ring\/\"]}]},{\"@type\":\"ImageObject\",\"inLanguage\":\"es\",\"@id\":\"https:\/\/www.malilabijoux.com\/shop\/kelana-ring\/#primaryimage\",\"url\":\"https:\/\/www.malilabijoux.com\/wp-content\/uploads\/2023\/07\/FullSizeRender-9-scaled.jpg\",\"contentUrl\":\"https:\/\/www.malilabijoux.com\/wp-content\/uploads\/2023\/07\/FullSizeRender-9-scaled.jpg\",\"width\":2498,\"height\":3360},{\"@type\":\"BreadcrumbList\",\"@id\":\"https:\/\/www.malilabijoux.com\/shop\/kelana-ring\/#breadcrumb\",\"itemListElement\":[{\"@type\":\"ListItem\",\"position\":1,\"name\":\"Home\",\"item\":\"https:\/\/www.malilabijoux.com\/\"},{\"@type\":\"ListItem\",\"position\":2,\"name\":\"Shop\",\"item\":\"https:\/\/www.malilabijoux.com\/es\/shop\/\"},{\"@type\":\"ListItem\",\"position\":3,\"name\":\"Kelana Ring\"}]},{\"@type\":\"WebSite\",\"@id\":\"https:\/\/www.malilabijoux.com\/#website\",\"url\":\"https:\/\/www.malilabijoux.com\/\",\"name\":\"Malila Bijoux\",\"description\":\"A Jewelry Brand made to bring joy\",\"publisher\":{\"@id\":\"https:\/\/www.malilabijoux.com\/#organization\"},\"potentialAction\":[{\"@type\":\"SearchAction\",\"target\":{\"@type\":\"EntryPoint\",\"urlTemplate\":\"https:\/\/www.malilabijoux.com\/?s={search_term_string}\"},\"query-input\":{\"@type\":\"PropertyValueSpecification\",\"valueRequired\":true,\"valueName\":\"search_term_string\"}}],\"inLanguage\":\"es\"},{\"@type\":\"Organization\",\"@id\":\"https:\/\/www.malilabijoux.com\/#organization\",\"name\":\"Malila Bijoux\",\"url\":\"https:\/\/www.malilabijoux.com\/\",\"logo\":{\"@type\":\"ImageObject\",\"inLanguage\":\"es\",\"@id\":\"https:\/\/www.malilabijoux.com\/#\/schema\/logo\/image\/\",\"url\":\"https:\/\/www.malilabijoux.com\/wp-content\/uploads\/2023\/07\/Malila-bijoux.png\",\"contentUrl\":\"https:\/\/www.malilabijoux.com\/wp-content\/uploads\/2023\/07\/Malila-bijoux.png\",\"width\":1258,\"height\":952,\"caption\":\"Malila Bijoux\"},\"image\":{\"@id\":\"https:\/\/www.malilabijoux.com\/#\/schema\/logo\/image\/\"},\"sameAs\":[\"https:\/\/www.instagram.com\/malila.bijoux\/\"]}]}<\/script>\n<!-- \/ Yoast SEO plugin. -->","yoast_head_json":{"title":"Kelana Ring - Malila Bijoux","robots":{"index":"index","follow":"follow","max-snippet":"max-snippet:-1","max-image-preview":"max-image-preview:large","max-video-preview":"max-video-preview:-1"},"canonical":"https:\/\/www.malilabijoux.com\/es\/shop\/kelana-ring\/","og_locale":"es_ES","og_type":"article","og_title":"Kelana Ring - Malila Bijoux","og_description":"The Kelana Ring handmade crafted with a precious wire and pearls is a ring to wear without moderation! Easy to wear and everywhere you want, this lovely ring is very comfortable to have on all day! Associated with Nelani ring for a perfect combo.","og_url":"https:\/\/www.malilabijoux.com\/es\/shop\/kelana-ring\/","og_site_name":"Malila Bijoux","article_modified_time":"2025-09-30T16:34:51+00:00","og_image":[{"width":2498,"height":3360,"url":"https:\/\/www.malilabijoux.com\/wp-content\/uploads\/2023\/07\/FullSizeRender-9-scaled.jpg","type":"image\/jpeg"}],"twitter_card":"summary_large_image","twitter_misc":{"Tiempo de lectura":"2 minutos"},"schema":{"@context":"https:\/\/schema.org","@graph":[{"@type":"WebPage","@id":"https:\/\/www.malilabijoux.com\/shop\/kelana-ring\/","url":"https:\/\/www.malilabijoux.com\/shop\/kelana-ring\/","name":"Kelana Ring - Malila Bijoux","isPartOf":{"@id":"https:\/\/www.malilabijoux.com\/#website"},"primaryImageOfPage":{"@id":"https:\/\/www.malilabijoux.com\/shop\/kelana-ring\/#primaryimage"},"image":{"@id":"https:\/\/www.malilabijoux.com\/shop\/kelana-ring\/#primaryimage"},"thumbnailUrl":"https:\/\/www.malilabijoux.com\/wp-content\/uploads\/2023\/07\/FullSizeRender-9-scaled.jpg","datePublished":"2023-07-06T21:37:15+00:00","dateModified":"2025-09-30T16:34:51+00:00","breadcrumb":{"@id":"https:\/\/www.malilabijoux.com\/shop\/kelana-ring\/#breadcrumb"},"inLanguage":"es","potentialAction":[{"@type":"ReadAction","target":["https:\/\/www.malilabijoux.com\/shop\/kelana-ring\/"]}]},{"@type":"ImageObject","inLanguage":"es","@id":"https:\/\/www.malilabijoux.com\/shop\/kelana-ring\/#primaryimage","url":"https:\/\/www.malilabijoux.com\/wp-content\/uploads\/2023\/07\/FullSizeRender-9-scaled.jpg","contentUrl":"https:\/\/www.malilabijoux.com\/wp-content\/uploads\/2023\/07\/FullSizeRender-9-scaled.jpg","width":2498,"height":3360},{"@type":"BreadcrumbList","@id":"https:\/\/www.malilabijoux.com\/shop\/kelana-ring\/#breadcrumb","itemListElement":[{"@type":"ListItem","position":1,"name":"Home","item":"https:\/\/www.malilabijoux.com\/"},{"@type":"ListItem","position":2,"name":"Shop","item":"https:\/\/www.malilabijoux.com\/es\/shop\/"},{"@type":"ListItem","position":3,"name":"Kelana Ring"}]},{"@type":"WebSite","@id":"https:\/\/www.malilabijoux.com\/#website","url":"https:\/\/www.malilabijoux.com\/","name":"Malila Bijoux","description":"A Jewelry Brand made to bring joy","publisher":{"@id":"https:\/\/www.malilabijoux.com\/#organization"},"potentialAction":[{"@type":"SearchAction","target":{"@type":"EntryPoint","urlTemplate":"https:\/\/www.malilabijoux.com\/?s={search_term_string}"},"query-input":{"@type":"PropertyValueSpecification","valueRequired":true,"valueName":"search_term_string"}}],"inLanguage":"es"},{"@type":"Organization","@id":"https:\/\/www.malilabijoux.com\/#organization","name":"Malila Bijoux","url":"https:\/\/www.malilabijoux.com\/","logo":{"@type":"ImageObject","inLanguage":"es","@id":"https:\/\/www.malilabijoux.com\/#\/schema\/logo\/image\/","url":"https:\/\/www.malilabijoux.com\/wp-content\/uploads\/2023\/07\/Malila-bijoux.png","contentUrl":"https:\/\/www.malilabijoux.com\/wp-content\/uploads\/2023\/07\/Malila-bijoux.png","width":1258,"height":952,"caption":"Malila Bijoux"},"image":{"@id":"https:\/\/www.malilabijoux.com\/#\/schema\/logo\/image\/"},"sameAs":["https:\/\/www.instagram.com\/malila.bijoux\/"]}]}},"jetpack_sharing_enabled":true,"_links":{"self":[{"href":"https:\/\/www.malilabijoux.com\/es\/wp-json\/wp\/v2\/product\/4296","targetHints":{"allow":["GET"]}}],"collection":[{"href":"https:\/\/www.malilabijoux.com\/es\/wp-json\/wp\/v2\/product"}],"about":[{"href":"https:\/\/www.malilabijoux.com\/es\/wp-json\/wp\/v2\/types\/product"}],"replies":[{"embeddable":true,"href":"https:\/\/www.malilabijoux.com\/es\/wp-json\/wp\/v2\/comments?post=4296"}],"wp:featuredmedia":[{"embeddable":true,"href":"https:\/\/www.malilabijoux.com\/es\/wp-json\/wp\/v2\/media\/4301"}],"wp:attachment":[{"href":"https:\/\/www.malilabijoux.com\/es\/wp-json\/wp\/v2\/media?parent=4296"}],"wp:term":[{"taxonomy":"product_cat","embeddable":true,"href":"https:\/\/www.malilabijoux.com\/es\/wp-json\/wp\/v2\/product_cat?post=4296"},{"taxonomy":"product_tag","embeddable":true,"href":"https:\/\/www.malilabijoux.com\/es\/wp-json\/wp\/v2\/product_tag?post=4296"}],"curies":[{"name":"wp","href":"https:\/\/api.w.org\/{rel}","templated":true}]}}